{"id":150,"date":"2026-02-18T11:46:54","date_gmt":"2026-02-18T11:46:54","guid":{"rendered":"https:\/\/scenarimagazine.eu\/?page_id=150"},"modified":"2026-02-19T12:48:35","modified_gmt":"2026-02-19T12:48:35","slug":"veronica","status":"publish","type":"page","link":"https:\/\/scenarimagazine.eu\/?page_id=150","title":{"rendered":"Veronica"},"content":{"rendered":"\t\t<div data-elementor-type=\"wp-page\" data-elementor-id=\"150\" class=\"elementor elementor-150\" data-elementor-post-type=\"page\">\n\t\t\t\t<div class=\"elementor-element elementor-element-71cc5c37 e-flex e-con-boxed e-con e-parent\" data-id=\"71cc5c37\" data-element_type=\"container\" data-e-type=\"container\">\n\t\t\t\t\t<div class=\"e-con-inner\">\n\t\t\t\t<div class=\"elementor-element elementor-element-e16bc1b elementor-widget elementor-widget-text-editor\" data-id=\"e16bc1b\" data-element_type=\"widget\" data-e-type=\"widget\" data-widget_type=\"text-editor.default\">\n\t\t\t\t\t\t\t\t\t<h1 class=\"wp-block-heading\">Silent Salento<\/h1>\n<p><!-- \/wp:heading --><!-- wp:paragraph --><\/p>\n<p><strong>Silent Salento,<\/strong> per me, \u00e8 un un contenitore di percorsi nascosti, artigianato autentico, natura incontaminata. Visioni di <strong>un Salento oltre la massa<\/strong> dove il silenzio racconta la bellezza. Un progetto di valorizzazione territoriale nato per svelare l&#8217;anima pi\u00f9 intima del Salento. Il nostro obiettivo \u00e8 quello di porre uno sguardo pi\u00f9 attento verso il patrimonio materiale e immateriale meno conosciuto. Crediamo nella riscoperta del silenzio non come assenza ma come spazio d&#8217;ascolto per le suggestioni del territorio pi\u00f9 vere, dai suoni della natura alla narrazione di comunit\u00e0. Una mappatura consapevole di <strong>percorsi inediti e incontri con i custodi delle tradizioni, <\/strong>promuovendo un <strong>modello di fruizione culturale sostenibile e poetico.<\/strong>\u00a0 Un invito a rallentare, a osservare il dettaglio e a riconnettersi con l&#8217;essenza di una terra che sa parlare sottovoce a chi ha ancora voglia di ascoltare.<\/p>\n<p><!-- \/wp:paragraph --><!-- wp:paragraph --><\/p>\n<p>Di cosa mi occupo in Silent Salento:<\/p>\n<p><!-- \/wp:paragraph --><!-- wp:list --><\/p>\n<ul class=\"wp-block-list\">\n<li style=\"list-style-type: none;\">\n<ul class=\"wp-block-list\"><!-- wp:list-item --><\/ul>\n<\/li>\n<\/ul>\n<ul class=\"wp-block-list\">\n<li style=\"list-style-type: none;\">\n<ul class=\"wp-block-list\">\n<li>Direzione artistica<\/li>\n<\/ul>\n<\/li>\n<\/ul>\n<p><!-- \/wp:list-item --><!-- wp:list-item --><\/p>\n<ul class=\"wp-block-list\">\n<li style=\"list-style-type: none;\">\n<ul class=\"wp-block-list\">\n<li>Storytelling per blog e\u00a0 social<\/li>\n<\/ul>\n<\/li>\n<\/ul>\n<p><!-- \/wp:list-item --><\/p>\n<p><!-- \/wp:list --><!-- wp:paragraph --><\/p>\n<p><!-- \/wp:paragraph --><\/p>\t\t\t\t\t\t\t\t<\/div>\n\t\t\t\t<div class=\"elementor-element elementor-element-4510bbf elementor-widget elementor-widget-heading\" data-id=\"4510bbf\" data-element_type=\"widget\" data-e-type=\"widget\" data-widget_type=\"heading.default\">\n\t\t\t\t\t<h2 class=\"elementor-heading-title elementor-size-default\">I miei articoli<\/h2>\t\t\t\t<\/div>\n\t\t\t\t\t<\/div>\n\t\t\t\t<\/div>\n\t\t<div class=\"elementor-element elementor-element-519eadf e-grid e-con-boxed e-con e-parent\" data-id=\"519eadf\" data-element_type=\"container\" data-e-type=\"container\">\n\t\t\t\t\t<div class=\"e-con-inner\">\n\t\t\t\t<div class=\"elementor-element elementor-element-0f08f80 elementor-position-top elementor-widget elementor-widget-image-box\" data-id=\"0f08f80\" data-element_type=\"widget\" data-e-type=\"widget\" data-widget_type=\"image-box.default\">\n\t\t\t\t\t<div class=\"elementor-image-box-wrapper\"><figure class=\"elementor-image-box-img\"><img decoding=\"async\" src=\"https:\/\/scenarimagazine.eu\/wp-content\/uploads\/elementor\/thumbs\/IMG_0059-rjdoiyzztqfrtmqt9wtc0p7dvitukbzk76bj04ge40.jpg\" title=\"IMG_0059\" alt=\"IMG_0059\" loading=\"lazy\" \/><\/figure><div class=\"elementor-image-box-content\"><h3 class=\"elementor-image-box-title\">La pietra leccese animata da Renzo Buttazzo<\/h3><p class=\"elementor-image-box-description\">Nel cuore pulsante della campagna leccese, rifugio di pace e ispirazione, sorge una casa-bottega dove ogni giorno accade una magia. Qui, cullato dall'abbraccio della natura, lo scultore d\u00e0 respiro alle sue visioni, affiancato dalle abili mani dei suoi devoti assistenti. <\/p><\/div><\/div>\t\t\t\t<\/div>\n\t\t\t\t<div class=\"elementor-element elementor-element-7e3f5b2 elementor-position-top elementor-widget elementor-widget-image-box\" data-id=\"7e3f5b2\" data-element_type=\"widget\" data-e-type=\"widget\" data-widget_type=\"image-box.default\">\n\t\t\t\t\t<div class=\"elementor-image-box-wrapper\"><figure class=\"elementor-image-box-img\"><img fetchpriority=\"high\" decoding=\"async\" width=\"800\" height=\"600\" src=\"https:\/\/scenarimagazine.eu\/wp-content\/uploads\/2026\/02\/maurizio-buttazzo1-e1771502044227.jpg\" class=\"attachment-full size-full wp-image-536\" alt=\"\" srcset=\"https:\/\/scenarimagazine.eu\/wp-content\/uploads\/2026\/02\/maurizio-buttazzo1-e1771502044227.jpg 800w, https:\/\/scenarimagazine.eu\/wp-content\/uploads\/2026\/02\/maurizio-buttazzo1-e1771502044227-300x225.jpg 300w, https:\/\/scenarimagazine.eu\/wp-content\/uploads\/2026\/02\/maurizio-buttazzo1-e1771502044227-768x576.jpg 768w\" sizes=\"(max-width: 800px) 100vw, 800px\" \/><\/figure><div class=\"elementor-image-box-content\"><h3 class=\"elementor-image-box-title\">Maurizio Buttazzo l'alchimista dello scarto<\/h3><p class=\"elementor-image-box-description\">Esiste una ricchezza che non brilla dell'oro delle cupole barocche, n\u00e9 si lascia levigare come la celebre pietra leccese. \u00c8 una ricchezza che vive nelle pieghe del Salento pi\u00f9 profondo, quello che assomiglia a una scatola cinese: pi\u00f9 scavi, pi\u00f9 si fa piccola, pi\u00f9 diventa immensa.<\/p><\/div><\/div>\t\t\t\t<\/div>\n\t\t\t\t<div class=\"elementor-element elementor-element-b7d9898 elementor-position-top elementor-widget elementor-widget-image-box\" data-id=\"b7d9898\" data-element_type=\"widget\" data-e-type=\"widget\" data-widget_type=\"image-box.default\">\n\t\t\t\t\t<div class=\"elementor-image-box-wrapper\"><figure class=\"elementor-image-box-img\"><img decoding=\"async\" src=\"https:\/\/scenarimagazine.eu\/wp-content\/uploads\/elementor\/thumbs\/casa-comi-rjdpf515pmh1580pftdpckz9q8a1zfovae1q90rd68.jpg\" title=\"casa comi\" alt=\"casa comi libreria\" loading=\"lazy\" \/><\/figure><div class=\"elementor-image-box-content\"><h3 class=\"elementor-image-box-title\">I segreti della casa-museo di Girolamo Comi<\/h3><p class=\"elementor-image-box-description\">Chi era Girolamo Comi e quali segreti si nascondono nella sua casa-museo. \nComi \u00e8 stato il tessitore di una \"generosa utopia\": trasformare un Salento allora povero nel centro pulsante della cultura europea. Qui nacque l'Accademia Salentina e la rivista L'Albero. <\/p><\/div><\/div>\t\t\t\t<\/div>\n\t\t\t\t\t<\/div>\n\t\t\t\t<\/div>\n\t\t\t\t<\/div>\n\t\t","protected":false},"excerpt":{"rendered":"<p>Silent Salento Silent Salento, per me, \u00e8 un un contenitore di percorsi nascosti, artigianato autentico, natura incontaminata. Visioni di un [&hellip;]<\/p>\n","protected":false},"author":10,"featured_media":0,"parent":0,"menu_order":0,"comment_status":"closed","ping_status":"closed","template":"","meta":{"site-sidebar-layout":"default","site-content-layout":"","ast-site-content-layout":"default","site-content-style":"default","site-sidebar-style":"default","ast-global-header-display":"","ast-banner-title-visibility":"","ast-main-header-display":"","ast-hfb-above-header-display":"","ast-hfb-below-header-display":"","ast-hfb-mobile-header-display":"","site-post-title":"","ast-breadcrumbs-content":"","ast-featured-img":"","footer-sml-layout":"","ast-disable-related-posts":"","theme-transparent-header-meta":"","adv-header-id-meta":"","stick-header-meta":"","header-above-stick-meta":"","header-main-stick-meta":"","header-below-stick-meta":"","astra-migrate-meta-layouts":"default","ast-page-background-enabled":"default","ast-page-background-meta":{"desktop":{"background-color":"var(--ast-global-color-5)","background-image":"","background-repeat":"repeat","background-position":"center center","background-size":"auto","background-attachment":"scroll","background-type":"","background-media":"","overlay-type":"","overlay-color":"","overlay-opacity":"","overlay-gradient":""},"tablet":{"background-color":"","background-image":"","background-repeat":"repeat","background-position":"center center","background-size":"auto","background-attachment":"scroll","background-type":"","background-media":"","overlay-type":"","overlay-color":"","overlay-opacity":"","overlay-gradient":""},"mobile":{"background-color":"","background-image":"","background-repeat":"repeat","background-position":"center center","background-size":"auto","background-attachment":"scroll","background-type":"","background-media":"","overlay-type":"","overlay-color":"","overlay-opacity":"","overlay-gradient":""}},"ast-content-background-meta":{"desktop":{"background-color":"var(--ast-global-color-4)","background-image":"","background-repeat":"repeat","background-position":"center center","background-size":"auto","background-attachment":"scroll","background-type":"","background-media":"","overlay-type":"","overlay-color":"","overlay-opacity":"","overlay-gradient":""},"tablet":{"background-color":"var(--ast-global-color-4)","background-image":"","background-repeat":"repeat","background-position":"center center","background-size":"auto","background-attachment":"scroll","background-type":"","background-media":"","overlay-type":"","overlay-color":"","overlay-opacity":"","overlay-gradient":""},"mobile":{"background-color":"var(--ast-global-color-4)","background-image":"","background-repeat":"repeat","background-position":"center center","background-size":"auto","background-attachment":"scroll","background-type":"","background-media":"","overlay-type":"","overlay-color":"","overlay-opacity":"","overlay-gradient":""}},"footnotes":""},"class_list":["post-150","page","type-page","status-publish","hentry"],"yoast_head":"<!-- This site is optimized with the Yoast SEO plugin v27.0 - https:\/\/yoast.com\/product\/yoast-seo-wordpress\/ -->\n<title>Veronica - Scenari Magazine<\/title>\n<meta name=\"robots\" content=\"index, follow, max-snippet:-1, max-image-preview:large, max-video-preview:-1\" \/>\n<link rel=\"canonical\" href=\"https:\/\/scenarimagazine.eu\/?page_id=150\" \/>\n<meta property=\"og:locale\" content=\"en_US\" \/>\n<meta property=\"og:type\" content=\"article\" \/>\n<meta property=\"og:title\" content=\"Veronica - Scenari Magazine\" \/>\n<meta property=\"og:description\" content=\"Silent Salento Silent Salento, per me, \u00e8 un un contenitore di percorsi nascosti, artigianato autentico, natura incontaminata. Visioni di un [&hellip;]\" \/>\n<meta property=\"og:url\" content=\"https:\/\/scenarimagazine.eu\/?page_id=150\" \/>\n<meta property=\"og:site_name\" content=\"Scenari Magazine\" \/>\n<meta property=\"article:modified_time\" content=\"2026-02-19T12:48:35+00:00\" \/>\n<meta property=\"og:image\" content=\"https:\/\/scenarimagazine.eu\/wp-content\/uploads\/elementor\/thumbs\/IMG_0059-rjdoiyzztqfrtmqt9wtc0p7dvitukbzk76bj04ge40.jpg\" \/>\n<meta name=\"twitter:card\" content=\"summary_large_image\" \/>\n<meta name=\"twitter:label1\" content=\"Est. reading time\" \/>\n\t<meta name=\"twitter:data1\" content=\"2 minutes\" \/>\n<script type=\"application\/ld+json\" class=\"yoast-schema-graph\">{\"@context\":\"https:\/\/schema.org\",\"@graph\":[{\"@type\":\"WebPage\",\"@id\":\"https:\/\/scenarimagazine.eu\/?page_id=150\",\"url\":\"https:\/\/scenarimagazine.eu\/?page_id=150\",\"name\":\"Veronica - Scenari Magazine\",\"isPartOf\":{\"@id\":\"https:\/\/scenarimagazine.eu\/#website\"},\"primaryImageOfPage\":{\"@id\":\"https:\/\/scenarimagazine.eu\/?page_id=150#primaryimage\"},\"image\":{\"@id\":\"https:\/\/scenarimagazine.eu\/?page_id=150#primaryimage\"},\"thumbnailUrl\":\"https:\/\/scenarimagazine.eu\/wp-content\/uploads\/elementor\/thumbs\/IMG_0059-rjdoiyzztqfrtmqt9wtc0p7dvitukbzk76bj04ge40.jpg\",\"datePublished\":\"2026-02-18T11:46:54+00:00\",\"dateModified\":\"2026-02-19T12:48:35+00:00\",\"breadcrumb\":{\"@id\":\"https:\/\/scenarimagazine.eu\/?page_id=150#breadcrumb\"},\"inLanguage\":\"en-US\",\"potentialAction\":[{\"@type\":\"ReadAction\",\"target\":[\"https:\/\/scenarimagazine.eu\/?page_id=150\"]}]},{\"@type\":\"ImageObject\",\"inLanguage\":\"en-US\",\"@id\":\"https:\/\/scenarimagazine.eu\/?page_id=150#primaryimage\",\"url\":\"https:\/\/scenarimagazine.eu\/wp-content\/uploads\/elementor\/thumbs\/IMG_0059-rjdoiyzztqfrtmqt9wtc0p7dvitukbzk76bj04ge40.jpg\",\"contentUrl\":\"https:\/\/scenarimagazine.eu\/wp-content\/uploads\/elementor\/thumbs\/IMG_0059-rjdoiyzztqfrtmqt9wtc0p7dvitukbzk76bj04ge40.jpg\"},{\"@type\":\"BreadcrumbList\",\"@id\":\"https:\/\/scenarimagazine.eu\/?page_id=150#breadcrumb\",\"itemListElement\":[{\"@type\":\"ListItem\",\"position\":1,\"name\":\"Home\",\"item\":\"https:\/\/scenarimagazine.eu\/\"},{\"@type\":\"ListItem\",\"position\":2,\"name\":\"Veronica\"}]},{\"@type\":\"WebSite\",\"@id\":\"https:\/\/scenarimagazine.eu\/#website\",\"url\":\"https:\/\/scenarimagazine.eu\/\",\"name\":\"Scenari Magazine\",\"description\":\"\",\"publisher\":{\"@id\":\"https:\/\/scenarimagazine.eu\/#organization\"},\"potentialAction\":[{\"@type\":\"SearchAction\",\"target\":{\"@type\":\"EntryPoint\",\"urlTemplate\":\"https:\/\/scenarimagazine.eu\/?s={search_term_string}\"},\"query-input\":{\"@type\":\"PropertyValueSpecification\",\"valueRequired\":true,\"valueName\":\"search_term_string\"}}],\"inLanguage\":\"en-US\"},{\"@type\":\"Organization\",\"@id\":\"https:\/\/scenarimagazine.eu\/#organization\",\"name\":\"Scenari Magazine\",\"url\":\"https:\/\/scenarimagazine.eu\/\",\"logo\":{\"@type\":\"ImageObject\",\"inLanguage\":\"en-US\",\"@id\":\"https:\/\/scenarimagazine.eu\/#\/schema\/logo\/image\/\",\"url\":\"https:\/\/scenarimagazine.eu\/wp-content\/uploads\/2026\/02\/cropped-cropped-7-scaled-1.jpg\",\"contentUrl\":\"https:\/\/scenarimagazine.eu\/wp-content\/uploads\/2026\/02\/cropped-cropped-7-scaled-1.jpg\",\"width\":2557,\"height\":1372,\"caption\":\"Scenari Magazine\"},\"image\":{\"@id\":\"https:\/\/scenarimagazine.eu\/#\/schema\/logo\/image\/\"}}]}<\/script>\n<!-- \/ Yoast SEO plugin. -->","yoast_head_json":{"title":"Veronica - Scenari Magazine","robots":{"index":"index","follow":"follow","max-snippet":"max-snippet:-1","max-image-preview":"max-image-preview:large","max-video-preview":"max-video-preview:-1"},"canonical":"https:\/\/scenarimagazine.eu\/?page_id=150","og_locale":"en_US","og_type":"article","og_title":"Veronica - Scenari Magazine","og_description":"Silent Salento Silent Salento, per me, \u00e8 un un contenitore di percorsi nascosti, artigianato autentico, natura incontaminata. Visioni di un [&hellip;]","og_url":"https:\/\/scenarimagazine.eu\/?page_id=150","og_site_name":"Scenari Magazine","article_modified_time":"2026-02-19T12:48:35+00:00","og_image":[{"url":"https:\/\/scenarimagazine.eu\/wp-content\/uploads\/elementor\/thumbs\/IMG_0059-rjdoiyzztqfrtmqt9wtc0p7dvitukbzk76bj04ge40.jpg","type":"","width":"","height":""}],"twitter_card":"summary_large_image","twitter_misc":{"Est. reading time":"2 minutes"},"schema":{"@context":"https:\/\/schema.org","@graph":[{"@type":"WebPage","@id":"https:\/\/scenarimagazine.eu\/?page_id=150","url":"https:\/\/scenarimagazine.eu\/?page_id=150","name":"Veronica - Scenari Magazine","isPartOf":{"@id":"https:\/\/scenarimagazine.eu\/#website"},"primaryImageOfPage":{"@id":"https:\/\/scenarimagazine.eu\/?page_id=150#primaryimage"},"image":{"@id":"https:\/\/scenarimagazine.eu\/?page_id=150#primaryimage"},"thumbnailUrl":"https:\/\/scenarimagazine.eu\/wp-content\/uploads\/elementor\/thumbs\/IMG_0059-rjdoiyzztqfrtmqt9wtc0p7dvitukbzk76bj04ge40.jpg","datePublished":"2026-02-18T11:46:54+00:00","dateModified":"2026-02-19T12:48:35+00:00","breadcrumb":{"@id":"https:\/\/scenarimagazine.eu\/?page_id=150#breadcrumb"},"inLanguage":"en-US","potentialAction":[{"@type":"ReadAction","target":["https:\/\/scenarimagazine.eu\/?page_id=150"]}]},{"@type":"ImageObject","inLanguage":"en-US","@id":"https:\/\/scenarimagazine.eu\/?page_id=150#primaryimage","url":"https:\/\/scenarimagazine.eu\/wp-content\/uploads\/elementor\/thumbs\/IMG_0059-rjdoiyzztqfrtmqt9wtc0p7dvitukbzk76bj04ge40.jpg","contentUrl":"https:\/\/scenarimagazine.eu\/wp-content\/uploads\/elementor\/thumbs\/IMG_0059-rjdoiyzztqfrtmqt9wtc0p7dvitukbzk76bj04ge40.jpg"},{"@type":"BreadcrumbList","@id":"https:\/\/scenarimagazine.eu\/?page_id=150#breadcrumb","itemListElement":[{"@type":"ListItem","position":1,"name":"Home","item":"https:\/\/scenarimagazine.eu\/"},{"@type":"ListItem","position":2,"name":"Veronica"}]},{"@type":"WebSite","@id":"https:\/\/scenarimagazine.eu\/#website","url":"https:\/\/scenarimagazine.eu\/","name":"Scenari Magazine","description":"","publisher":{"@id":"https:\/\/scenarimagazine.eu\/#organization"},"potentialAction":[{"@type":"SearchAction","target":{"@type":"EntryPoint","urlTemplate":"https:\/\/scenarimagazine.eu\/?s={search_term_string}"},"query-input":{"@type":"PropertyValueSpecification","valueRequired":true,"valueName":"search_term_string"}}],"inLanguage":"en-US"},{"@type":"Organization","@id":"https:\/\/scenarimagazine.eu\/#organization","name":"Scenari Magazine","url":"https:\/\/scenarimagazine.eu\/","logo":{"@type":"ImageObject","inLanguage":"en-US","@id":"https:\/\/scenarimagazine.eu\/#\/schema\/logo\/image\/","url":"https:\/\/scenarimagazine.eu\/wp-content\/uploads\/2026\/02\/cropped-cropped-7-scaled-1.jpg","contentUrl":"https:\/\/scenarimagazine.eu\/wp-content\/uploads\/2026\/02\/cropped-cropped-7-scaled-1.jpg","width":2557,"height":1372,"caption":"Scenari Magazine"},"image":{"@id":"https:\/\/scenarimagazine.eu\/#\/schema\/logo\/image\/"}}]}},"_links":{"self":[{"href":"https:\/\/scenarimagazine.eu\/index.php?rest_route=\/wp\/v2\/pages\/150","targetHints":{"allow":["GET"]}}],"collection":[{"href":"https:\/\/scenarimagazine.eu\/index.php?rest_route=\/wp\/v2\/pages"}],"about":[{"href":"https:\/\/scenarimagazine.eu\/index.php?rest_route=\/wp\/v2\/types\/page"}],"author":[{"embeddable":true,"href":"https:\/\/scenarimagazine.eu\/index.php?rest_route=\/wp\/v2\/users\/10"}],"replies":[{"embeddable":true,"href":"https:\/\/scenarimagazine.eu\/index.php?rest_route=%2Fwp%2Fv2%2Fcomments&post=150"}],"version-history":[{"count":26,"href":"https:\/\/scenarimagazine.eu\/index.php?rest_route=\/wp\/v2\/pages\/150\/revisions"}],"predecessor-version":[{"id":669,"href":"https:\/\/scenarimagazine.eu\/index.php?rest_route=\/wp\/v2\/pages\/150\/revisions\/669"}],"wp:attachment":[{"href":"https:\/\/scenarimagazine.eu\/index.php?rest_route=%2Fwp%2Fv2%2Fmedia&parent=150"}],"curies":[{"name":"wp","href":"https:\/\/api.w.org\/{rel}","templated":true}]}}