{"id":27,"date":"2026-02-18T10:26:09","date_gmt":"2026-02-18T10:26:09","guid":{"rendered":"https:\/\/scenarimagazine.eu\/?page_id=27"},"modified":"2026-02-19T12:03:25","modified_gmt":"2026-02-19T12:03:25","slug":"simone-project","status":"publish","type":"page","link":"https:\/\/scenarimagazine.eu\/?page_id=27","title":{"rendered":"Simone Project X"},"content":{"rendered":"\t\t<div data-elementor-type=\"wp-page\" data-elementor-id=\"27\" class=\"elementor elementor-27\" data-elementor-post-type=\"page\">\n\t\t\t\t<div class=\"elementor-element elementor-element-4ff7ab3 e-flex e-con-boxed e-con e-parent\" data-id=\"4ff7ab3\" data-element_type=\"container\" data-e-type=\"container\">\n\t\t\t\t\t<div class=\"e-con-inner\">\n\t\t\t\t<div class=\"elementor-element elementor-element-9e3bd9c elementor-widget elementor-widget-heading\" data-id=\"9e3bd9c\" data-element_type=\"widget\" data-e-type=\"widget\" data-widget_type=\"heading.default\">\n\t\t\t\t\t<h2 class=\"elementor-heading-title elementor-size-default\">Silent Salento<\/h2>\t\t\t\t<\/div>\n\t\t\t\t\t<\/div>\n\t\t\t\t<\/div>\n\t\t<div class=\"elementor-element elementor-element-8c7da05 e-flex e-con-boxed e-con e-parent\" data-id=\"8c7da05\" data-element_type=\"container\" data-e-type=\"container\">\n\t\t\t\t\t<div class=\"e-con-inner\">\n\t\t<div class=\"elementor-element elementor-element-079e67d e-con-full e-flex e-con e-child\" data-id=\"079e67d\" data-element_type=\"container\" data-e-type=\"container\">\n\t\t\t\t<div class=\"elementor-element elementor-element-129e460 elementor-widget elementor-widget-text-editor\" data-id=\"129e460\" data-element_type=\"widget\" data-e-type=\"widget\" data-widget_type=\"text-editor.default\">\n\t\t\t\t\t\t\t\t\t<h3>Cosa \u00e8 Silent Salento per me?<\/h3>\t\t\t\t\t\t\t\t<\/div>\n\t\t\t\t<div class=\"elementor-element elementor-element-96d2735 elementor-widget elementor-widget-text-editor\" data-id=\"96d2735\" data-element_type=\"widget\" data-e-type=\"widget\" data-widget_type=\"text-editor.default\">\n\t\t\t\t\t\t\t\t\t<p data-start=\"0\" data-end=\"242\">Per me <strong data-start=\"7\" data-end=\"25\">Silent Salento<\/strong> \u00e8 un invito a fermarsi e osservare davvero. \u00c8 un progetto che nasce per valorizzare il Salento, raccontandolo in modo pi\u00f9 intimo e dettagliato. Il \u201csilenzio\u201d non \u00e8 assenza di suono, ma uno spazio di riflessione: \u00e8 il momento in cui ci si concede il tempo di ascoltare la sua storia, di cogliere la luce che accarezza le pietre antiche, i gesti della tradizione, i ritmi lenti della sua cultura. Silent Salento \u00e8 uno sguardo pi\u00f9 profondo su una terra che parla con delicatezza, e che nella quiete rivela tutta la sua autentica bellezza.<\/p>\t\t\t\t\t\t\t\t<\/div>\n\t\t<div class=\"elementor-element elementor-element-8fb6885 e-grid e-con-full e-con e-child\" data-id=\"8fb6885\" data-element_type=\"container\" data-e-type=\"container\">\n\t\t\t\t<\/div>\n\t\t\t\t<\/div>\n\t\t<div class=\"elementor-element elementor-element-42ca084 e-con-full e-flex e-con e-child\" data-id=\"42ca084\" data-element_type=\"container\" data-e-type=\"container\">\n\t\t\t\t<div class=\"elementor-element elementor-element-6a9195e elementor-widget elementor-widget-image\" data-id=\"6a9195e\" data-element_type=\"widget\" data-e-type=\"widget\" data-widget_type=\"image.default\">\n\t\t\t\t\t\t\t\t\t\t\t\t\t\t\t<img fetchpriority=\"high\" decoding=\"async\" width=\"1024\" height=\"682\" src=\"https:\/\/scenarimagazine.eu\/wp-content\/uploads\/2026\/02\/summer-seascape-salento-coast-torre-pali-beach-lecce-italy-apulia-464987680-5aae77c8eb97de0036feacb5-1-1024x682.jpg\" class=\"attachment-large size-large wp-image-338\" alt=\"\" srcset=\"https:\/\/scenarimagazine.eu\/wp-content\/uploads\/2026\/02\/summer-seascape-salento-coast-torre-pali-beach-lecce-italy-apulia-464987680-5aae77c8eb97de0036feacb5-1-1024x682.jpg 1024w, https:\/\/scenarimagazine.eu\/wp-content\/uploads\/2026\/02\/summer-seascape-salento-coast-torre-pali-beach-lecce-italy-apulia-464987680-5aae77c8eb97de0036feacb5-1-300x200.jpg 300w, https:\/\/scenarimagazine.eu\/wp-content\/uploads\/2026\/02\/summer-seascape-salento-coast-torre-pali-beach-lecce-italy-apulia-464987680-5aae77c8eb97de0036feacb5-1-768x512.jpg 768w, https:\/\/scenarimagazine.eu\/wp-content\/uploads\/2026\/02\/summer-seascape-salento-coast-torre-pali-beach-lecce-italy-apulia-464987680-5aae77c8eb97de0036feacb5-1-1536x1024.jpg 1536w, https:\/\/scenarimagazine.eu\/wp-content\/uploads\/2026\/02\/summer-seascape-salento-coast-torre-pali-beach-lecce-italy-apulia-464987680-5aae77c8eb97de0036feacb5-1-2048x1365.jpg 2048w\" sizes=\"(max-width: 1024px) 100vw, 1024px\" \/>\t\t\t\t\t\t\t\t\t\t\t\t\t\t\t<\/div>\n\t\t\t\t<div class=\"elementor-element elementor-element-0e49009 elementor-widget elementor-widget-text-editor\" data-id=\"0e49009\" data-element_type=\"widget\" data-e-type=\"widget\" data-widget_type=\"text-editor.default\">\n\t\t\t\t\t\t\t\t\t<p>\u00a0<\/p><p>\u00a0<\/p>\t\t\t\t\t\t\t\t<\/div>\n\t\t\t\t<div class=\"elementor-element elementor-element-991a309 elementor-widget elementor-widget-video\" data-id=\"991a309\" data-element_type=\"widget\" data-e-type=\"widget\" data-settings=\"{&quot;youtube_url&quot;:&quot;https:\\\/\\\/www.youtube.com\\\/watch?v=Hp0k4ayl5ic&quot;,&quot;video_type&quot;:&quot;youtube&quot;,&quot;controls&quot;:&quot;yes&quot;}\" data-widget_type=\"video.default\">\n\t\t\t\t\t\t\t<div class=\"elementor-wrapper elementor-open-inline\">\n\t\t\t<div class=\"elementor-video\"><\/div>\t\t<\/div>\n\t\t\t\t\t\t<\/div>\n\t\t\t\t<\/div>\n\t\t\t\t\t<\/div>\n\t\t\t\t<\/div>\n\t\t<div class=\"elementor-element elementor-element-9164333 e-flex e-con-boxed e-con e-parent\" data-id=\"9164333\" data-element_type=\"container\" data-e-type=\"container\">\n\t\t\t\t\t<div class=\"e-con-inner\">\n\t\t\t\t<div class=\"elementor-element elementor-element-67d0fdc elementor-widget elementor-widget-audio\" data-id=\"67d0fdc\" data-element_type=\"widget\" data-e-type=\"widget\" data-widget_type=\"audio.default\">\n\t\t\t\t\t\t\t\t<div class=\"elementor-soundcloud-wrapper\">\n\t\t\t\t<iframe width=\"1477\" height=\"200\" frameborder=\"no\" src=\"https:\/\/w.soundcloud.com\/player\/?visual=false&#038;url=https%3A%2F%2Fapi.soundcloud.com%2Ftracks%2F1813175505&#038;show_artwork=true&#038;maxheight=1000&#038;maxwidth=1477&#038;auto_play=false&#038;buying=true&#038;liking=true&#038;download=true&#038;sharing=true&#038;show_comments=true&#038;show_playcount=true&#038;show_user=true&#038;color\"><\/iframe>\t\t\t<\/div>\n\t\t\t\t\t\t\t<\/div>\n\t\t\t\t<div class=\"elementor-element elementor-element-a9d92fe elementor-widget elementor-widget-google_maps\" data-id=\"a9d92fe\" data-element_type=\"widget\" data-e-type=\"widget\" data-widget_type=\"google_maps.default\">\n\t\t\t\t\t\t\t<div class=\"elementor-custom-embed\">\n\t\t\t<iframe loading=\"lazy\"\n\t\t\t\t\tsrc=\"https:\/\/maps.google.com\/maps?q=Lecce&#038;t=m&#038;z=10&#038;output=embed&#038;iwloc=near\"\n\t\t\t\t\ttitle=\"Lecce\"\n\t\t\t\t\taria-label=\"Lecce\"\n\t\t\t><\/iframe>\n\t\t<\/div>\n\t\t\t\t\t\t<\/div>\n\t\t\t\t\t<\/div>\n\t\t\t\t<\/div>\n\t\t<div class=\"elementor-element elementor-element-02ae5b3 e-flex e-con-boxed e-con e-parent\" data-id=\"02ae5b3\" data-element_type=\"container\" data-e-type=\"container\">\n\t\t\t\t\t<div class=\"e-con-inner\">\n\t\t\t\t<div class=\"elementor-element elementor-element-55a5c53 elementor-view-default elementor-position-block-start elementor-mobile-position-block-start elementor-widget elementor-widget-icon-box\" data-id=\"55a5c53\" data-element_type=\"widget\" data-e-type=\"widget\" data-widget_type=\"icon-box.default\">\n\t\t\t\t\t\t\t<div class=\"elementor-icon-box-wrapper\">\n\n\t\t\t\t\t\t<div class=\"elementor-icon-box-icon\">\n\t\t\t\t<span  class=\"elementor-icon\">\n\t\t\t\t<svg aria-hidden=\"true\" class=\"e-font-icon-svg e-fab-instagram\" viewBox=\"0 0 448 512\" xmlns=\"http:\/\/www.w3.org\/2000\/svg\"><path d=\"M224.1 141c-63.6 0-114.9 51.3-114.9 114.9s51.3 114.9 114.9 114.9S339 319.5 339 255.9 287.7 141 224.1 141zm0 189.6c-41.1 0-74.7-33.5-74.7-74.7s33.5-74.7 74.7-74.7 74.7 33.5 74.7 74.7-33.6 74.7-74.7 74.7zm146.4-194.3c0 14.9-12 26.8-26.8 26.8-14.9 0-26.8-12-26.8-26.8s12-26.8 26.8-26.8 26.8 12 26.8 26.8zm76.1 27.2c-1.7-35.9-9.9-67.7-36.2-93.9-26.2-26.2-58-34.4-93.9-36.2-37-2.1-147.9-2.1-184.9 0-35.8 1.7-67.6 9.9-93.9 36.1s-34.4 58-36.2 93.9c-2.1 37-2.1 147.9 0 184.9 1.7 35.9 9.9 67.7 36.2 93.9s58 34.4 93.9 36.2c37 2.1 147.9 2.1 184.9 0 35.9-1.7 67.7-9.9 93.9-36.2 26.2-26.2 34.4-58 36.2-93.9 2.1-37 2.1-147.8 0-184.8zM398.8 388c-7.8 19.6-22.9 34.7-42.6 42.6-29.5 11.7-99.5 9-132.1 9s-102.7 2.6-132.1-9c-19.6-7.8-34.7-22.9-42.6-42.6-11.7-29.5-9-99.5-9-132.1s-2.6-102.7 9-132.1c7.8-19.6 22.9-34.7 42.6-42.6 29.5-11.7 99.5-9 132.1-9s102.7-2.6 132.1 9c19.6 7.8 34.7 22.9 42.6 42.6 11.7 29.5 9 99.5 9 132.1s2.7 102.7-9 132.1z\"><\/path><\/svg>\t\t\t\t<\/span>\n\t\t\t<\/div>\n\t\t\t\n\t\t\t\t\t\t<div class=\"elementor-icon-box-content\">\n\n\t\t\t\t\t\t\t\t\t<h3 class=\"elementor-icon-box-title\">\n\t\t\t\t\t\t<span  >\n\t\t\t\t\t\t\tFollow us on instagram @silent_salento\t\t\t\t\t\t<\/span>\n\t\t\t\t\t<\/h3>\n\t\t\t\t\n\t\t\t\t\n\t\t\t<\/div>\n\t\t\t\n\t\t<\/div>\n\t\t\t\t\t\t<\/div>\n\t\t\t\t\t<\/div>\n\t\t\t\t<\/div>\n\t\t\t\t<\/div>\n\t\t","protected":false},"excerpt":{"rendered":"<p>Silent Salento Cosa \u00e8 Silent Salento per me? Per me Silent Salento \u00e8 un invito a fermarsi e osservare davvero. [&hellip;]<\/p>\n","protected":false},"author":10,"featured_media":0,"parent":0,"menu_order":0,"comment_status":"closed","ping_status":"closed","template":"","meta":{"site-sidebar-layout":"no-sidebar","site-content-layout":"","ast-site-content-layout":"full-width-container","site-content-style":"default","site-sidebar-style":"default","ast-global-header-display":"","ast-banner-title-visibility":"","ast-main-header-display":"","ast-hfb-above-header-display":"","ast-hfb-below-header-display":"","ast-hfb-mobile-header-display":"","site-post-title":"","ast-breadcrumbs-content":"","ast-featured-img":"disabled","footer-sml-layout":"","ast-disable-related-posts":"","theme-transparent-header-meta":"","adv-header-id-meta":"","stick-header-meta":"","header-above-stick-meta":"","header-main-stick-meta":"","header-below-stick-meta":"","astra-migrate-meta-layouts":"default","ast-page-background-enabled":"default","ast-page-background-meta":{"desktop":{"background-color":"var(--ast-global-color-5)","background-image":"","background-repeat":"repeat","background-position":"center center","background-size":"auto","background-attachment":"scroll","background-type":"","background-media":"","overlay-type":"","overlay-color":"","overlay-opacity":"","overlay-gradient":""},"tablet":{"background-color":"","background-image":"","background-repeat":"repeat","background-position":"center center","background-size":"auto","background-attachment":"scroll","background-type":"","background-media":"","overlay-type":"","overlay-color":"","overlay-opacity":"","overlay-gradient":""},"mobile":{"background-color":"","background-image":"","background-repeat":"repeat","background-position":"center center","background-size":"auto","background-attachment":"scroll","background-type":"","background-media":"","overlay-type":"","overlay-color":"","overlay-opacity":"","overlay-gradient":""}},"ast-content-background-meta":{"desktop":{"background-color":"var(--ast-global-color-4)","background-image":"","background-repeat":"repeat","background-position":"center center","background-size":"auto","background-attachment":"scroll","background-type":"","background-media":"","overlay-type":"","overlay-color":"","overlay-opacity":"","overlay-gradient":""},"tablet":{"background-color":"var(--ast-global-color-4)","background-image":"","background-repeat":"repeat","background-position":"center center","background-size":"auto","background-attachment":"scroll","background-type":"","background-media":"","overlay-type":"","overlay-color":"","overlay-opacity":"","overlay-gradient":""},"mobile":{"background-color":"var(--ast-global-color-4)","background-image":"","background-repeat":"repeat","background-position":"center center","background-size":"auto","background-attachment":"scroll","background-type":"","background-media":"","overlay-type":"","overlay-color":"","overlay-opacity":"","overlay-gradient":""}},"footnotes":""},"class_list":["post-27","page","type-page","status-publish","hentry"],"yoast_head":"<!-- This site is optimized with the Yoast SEO plugin v27.0 - https:\/\/yoast.com\/product\/yoast-seo-wordpress\/ -->\n<title>Simone Project X - Scenari Magazine<\/title>\n<meta name=\"robots\" content=\"index, follow, max-snippet:-1, max-image-preview:large, max-video-preview:-1\" \/>\n<link rel=\"canonical\" href=\"https:\/\/scenarimagazine.eu\/?page_id=27\" \/>\n<meta property=\"og:locale\" content=\"en_US\" \/>\n<meta property=\"og:type\" content=\"article\" \/>\n<meta property=\"og:title\" content=\"Simone Project X - Scenari Magazine\" \/>\n<meta property=\"og:description\" content=\"Silent Salento Cosa \u00e8 Silent Salento per me? Per me Silent Salento \u00e8 un invito a fermarsi e osservare davvero. [&hellip;]\" \/>\n<meta property=\"og:url\" content=\"https:\/\/scenarimagazine.eu\/?page_id=27\" \/>\n<meta property=\"og:site_name\" content=\"Scenari Magazine\" \/>\n<meta property=\"article:modified_time\" content=\"2026-02-19T12:03:25+00:00\" \/>\n<meta property=\"og:image\" content=\"https:\/\/scenarimagazine.eu\/wp-content\/uploads\/2026\/02\/summer-seascape-salento-coast-torre-pali-beach-lecce-italy-apulia-464987680-5aae77c8eb97de0036feacb5-1-scaled.jpg\" \/>\n\t<meta property=\"og:image:width\" content=\"2560\" \/>\n\t<meta property=\"og:image:height\" content=\"1706\" \/>\n\t<meta property=\"og:image:type\" content=\"image\/jpeg\" \/>\n<meta name=\"twitter:card\" content=\"summary_large_image\" \/>\n<meta name=\"twitter:label1\" content=\"Est. reading time\" \/>\n\t<meta name=\"twitter:data1\" content=\"1 minute\" \/>\n<script type=\"application\/ld+json\" class=\"yoast-schema-graph\">{\"@context\":\"https:\/\/schema.org\",\"@graph\":[{\"@type\":\"WebPage\",\"@id\":\"https:\/\/scenarimagazine.eu\/?page_id=27\",\"url\":\"https:\/\/scenarimagazine.eu\/?page_id=27\",\"name\":\"Simone Project X - Scenari Magazine\",\"isPartOf\":{\"@id\":\"https:\/\/scenarimagazine.eu\/#website\"},\"primaryImageOfPage\":{\"@id\":\"https:\/\/scenarimagazine.eu\/?page_id=27#primaryimage\"},\"image\":{\"@id\":\"https:\/\/scenarimagazine.eu\/?page_id=27#primaryimage\"},\"thumbnailUrl\":\"https:\/\/scenarimagazine.eu\/wp-content\/uploads\/2026\/02\/summer-seascape-salento-coast-torre-pali-beach-lecce-italy-apulia-464987680-5aae77c8eb97de0036feacb5-1-1024x682.jpg\",\"datePublished\":\"2026-02-18T10:26:09+00:00\",\"dateModified\":\"2026-02-19T12:03:25+00:00\",\"breadcrumb\":{\"@id\":\"https:\/\/scenarimagazine.eu\/?page_id=27#breadcrumb\"},\"inLanguage\":\"en-US\",\"potentialAction\":[{\"@type\":\"ReadAction\",\"target\":[\"https:\/\/scenarimagazine.eu\/?page_id=27\"]}]},{\"@type\":\"ImageObject\",\"inLanguage\":\"en-US\",\"@id\":\"https:\/\/scenarimagazine.eu\/?page_id=27#primaryimage\",\"url\":\"https:\/\/scenarimagazine.eu\/wp-content\/uploads\/2026\/02\/summer-seascape-salento-coast-torre-pali-beach-lecce-italy-apulia-464987680-5aae77c8eb97de0036feacb5-1-scaled.jpg\",\"contentUrl\":\"https:\/\/scenarimagazine.eu\/wp-content\/uploads\/2026\/02\/summer-seascape-salento-coast-torre-pali-beach-lecce-italy-apulia-464987680-5aae77c8eb97de0036feacb5-1-scaled.jpg\",\"width\":2560,\"height\":1706},{\"@type\":\"BreadcrumbList\",\"@id\":\"https:\/\/scenarimagazine.eu\/?page_id=27#breadcrumb\",\"itemListElement\":[{\"@type\":\"ListItem\",\"position\":1,\"name\":\"Home\",\"item\":\"https:\/\/scenarimagazine.eu\/\"},{\"@type\":\"ListItem\",\"position\":2,\"name\":\"Simone Project X\"}]},{\"@type\":\"WebSite\",\"@id\":\"https:\/\/scenarimagazine.eu\/#website\",\"url\":\"https:\/\/scenarimagazine.eu\/\",\"name\":\"Scenari Magazine\",\"description\":\"\",\"publisher\":{\"@id\":\"https:\/\/scenarimagazine.eu\/#organization\"},\"potentialAction\":[{\"@type\":\"SearchAction\",\"target\":{\"@type\":\"EntryPoint\",\"urlTemplate\":\"https:\/\/scenarimagazine.eu\/?s={search_term_string}\"},\"query-input\":{\"@type\":\"PropertyValueSpecification\",\"valueRequired\":true,\"valueName\":\"search_term_string\"}}],\"inLanguage\":\"en-US\"},{\"@type\":\"Organization\",\"@id\":\"https:\/\/scenarimagazine.eu\/#organization\",\"name\":\"Scenari Magazine\",\"url\":\"https:\/\/scenarimagazine.eu\/\",\"logo\":{\"@type\":\"ImageObject\",\"inLanguage\":\"en-US\",\"@id\":\"https:\/\/scenarimagazine.eu\/#\/schema\/logo\/image\/\",\"url\":\"https:\/\/scenarimagazine.eu\/wp-content\/uploads\/2026\/02\/cropped-cropped-7-scaled-1.jpg\",\"contentUrl\":\"https:\/\/scenarimagazine.eu\/wp-content\/uploads\/2026\/02\/cropped-cropped-7-scaled-1.jpg\",\"width\":2557,\"height\":1372,\"caption\":\"Scenari Magazine\"},\"image\":{\"@id\":\"https:\/\/scenarimagazine.eu\/#\/schema\/logo\/image\/\"}}]}<\/script>\n<!-- \/ Yoast SEO plugin. -->","yoast_head_json":{"title":"Simone Project X - Scenari Magazine","robots":{"index":"index","follow":"follow","max-snippet":"max-snippet:-1","max-image-preview":"max-image-preview:large","max-video-preview":"max-video-preview:-1"},"canonical":"https:\/\/scenarimagazine.eu\/?page_id=27","og_locale":"en_US","og_type":"article","og_title":"Simone Project X - Scenari Magazine","og_description":"Silent Salento Cosa \u00e8 Silent Salento per me? Per me Silent Salento \u00e8 un invito a fermarsi e osservare davvero. [&hellip;]","og_url":"https:\/\/scenarimagazine.eu\/?page_id=27","og_site_name":"Scenari Magazine","article_modified_time":"2026-02-19T12:03:25+00:00","og_image":[{"width":2560,"height":1706,"url":"https:\/\/scenarimagazine.eu\/wp-content\/uploads\/2026\/02\/summer-seascape-salento-coast-torre-pali-beach-lecce-italy-apulia-464987680-5aae77c8eb97de0036feacb5-1-scaled.jpg","type":"image\/jpeg"}],"twitter_card":"summary_large_image","twitter_misc":{"Est. reading time":"1 minute"},"schema":{"@context":"https:\/\/schema.org","@graph":[{"@type":"WebPage","@id":"https:\/\/scenarimagazine.eu\/?page_id=27","url":"https:\/\/scenarimagazine.eu\/?page_id=27","name":"Simone Project X - Scenari Magazine","isPartOf":{"@id":"https:\/\/scenarimagazine.eu\/#website"},"primaryImageOfPage":{"@id":"https:\/\/scenarimagazine.eu\/?page_id=27#primaryimage"},"image":{"@id":"https:\/\/scenarimagazine.eu\/?page_id=27#primaryimage"},"thumbnailUrl":"https:\/\/scenarimagazine.eu\/wp-content\/uploads\/2026\/02\/summer-seascape-salento-coast-torre-pali-beach-lecce-italy-apulia-464987680-5aae77c8eb97de0036feacb5-1-1024x682.jpg","datePublished":"2026-02-18T10:26:09+00:00","dateModified":"2026-02-19T12:03:25+00:00","breadcrumb":{"@id":"https:\/\/scenarimagazine.eu\/?page_id=27#breadcrumb"},"inLanguage":"en-US","potentialAction":[{"@type":"ReadAction","target":["https:\/\/scenarimagazine.eu\/?page_id=27"]}]},{"@type":"ImageObject","inLanguage":"en-US","@id":"https:\/\/scenarimagazine.eu\/?page_id=27#primaryimage","url":"https:\/\/scenarimagazine.eu\/wp-content\/uploads\/2026\/02\/summer-seascape-salento-coast-torre-pali-beach-lecce-italy-apulia-464987680-5aae77c8eb97de0036feacb5-1-scaled.jpg","contentUrl":"https:\/\/scenarimagazine.eu\/wp-content\/uploads\/2026\/02\/summer-seascape-salento-coast-torre-pali-beach-lecce-italy-apulia-464987680-5aae77c8eb97de0036feacb5-1-scaled.jpg","width":2560,"height":1706},{"@type":"BreadcrumbList","@id":"https:\/\/scenarimagazine.eu\/?page_id=27#breadcrumb","itemListElement":[{"@type":"ListItem","position":1,"name":"Home","item":"https:\/\/scenarimagazine.eu\/"},{"@type":"ListItem","position":2,"name":"Simone Project X"}]},{"@type":"WebSite","@id":"https:\/\/scenarimagazine.eu\/#website","url":"https:\/\/scenarimagazine.eu\/","name":"Scenari Magazine","description":"","publisher":{"@id":"https:\/\/scenarimagazine.eu\/#organization"},"potentialAction":[{"@type":"SearchAction","target":{"@type":"EntryPoint","urlTemplate":"https:\/\/scenarimagazine.eu\/?s={search_term_string}"},"query-input":{"@type":"PropertyValueSpecification","valueRequired":true,"valueName":"search_term_string"}}],"inLanguage":"en-US"},{"@type":"Organization","@id":"https:\/\/scenarimagazine.eu\/#organization","name":"Scenari Magazine","url":"https:\/\/scenarimagazine.eu\/","logo":{"@type":"ImageObject","inLanguage":"en-US","@id":"https:\/\/scenarimagazine.eu\/#\/schema\/logo\/image\/","url":"https:\/\/scenarimagazine.eu\/wp-content\/uploads\/2026\/02\/cropped-cropped-7-scaled-1.jpg","contentUrl":"https:\/\/scenarimagazine.eu\/wp-content\/uploads\/2026\/02\/cropped-cropped-7-scaled-1.jpg","width":2557,"height":1372,"caption":"Scenari Magazine"},"image":{"@id":"https:\/\/scenarimagazine.eu\/#\/schema\/logo\/image\/"}}]}},"_links":{"self":[{"href":"https:\/\/scenarimagazine.eu\/index.php?rest_route=\/wp\/v2\/pages\/27","targetHints":{"allow":["GET"]}}],"collection":[{"href":"https:\/\/scenarimagazine.eu\/index.php?rest_route=\/wp\/v2\/pages"}],"about":[{"href":"https:\/\/scenarimagazine.eu\/index.php?rest_route=\/wp\/v2\/types\/page"}],"author":[{"embeddable":true,"href":"https:\/\/scenarimagazine.eu\/index.php?rest_route=\/wp\/v2\/users\/10"}],"replies":[{"embeddable":true,"href":"https:\/\/scenarimagazine.eu\/index.php?rest_route=%2Fwp%2Fv2%2Fcomments&post=27"}],"version-history":[{"count":5,"href":"https:\/\/scenarimagazine.eu\/index.php?rest_route=\/wp\/v2\/pages\/27\/revisions"}],"predecessor-version":[{"id":573,"href":"https:\/\/scenarimagazine.eu\/index.php?rest_route=\/wp\/v2\/pages\/27\/revisions\/573"}],"wp:attachment":[{"href":"https:\/\/scenarimagazine.eu\/index.php?rest_route=%2Fwp%2Fv2%2Fmedia&parent=27"}],"curies":[{"name":"wp","href":"https:\/\/api.w.org\/{rel}","templated":true}]}}