{"id":274,"date":"2026-02-19T08:58:33","date_gmt":"2026-02-19T08:58:33","guid":{"rendered":"https:\/\/scenarimagazine.eu\/?page_id=274"},"modified":"2026-02-19T12:29:30","modified_gmt":"2026-02-19T12:29:30","slug":"giuseppe","status":"publish","type":"page","link":"https:\/\/scenarimagazine.eu\/?page_id=274","title":{"rendered":"Giuseppe"},"content":{"rendered":"\t\t<div data-elementor-type=\"wp-page\" data-elementor-id=\"274\" class=\"elementor elementor-274\" data-elementor-post-type=\"page\">\n\t\t\t\t<div class=\"elementor-element elementor-element-e7d9211 e-flex e-con-boxed e-con e-parent\" data-id=\"e7d9211\" data-element_type=\"container\" data-e-type=\"container\">\n\t\t\t\t\t<div class=\"e-con-inner\">\n\t\t\t\t<div class=\"elementor-element elementor-element-b6b82a3 elementor-widget elementor-widget-image\" data-id=\"b6b82a3\" data-element_type=\"widget\" data-e-type=\"widget\" data-widget_type=\"image.default\">\n\t\t\t\t\t\t\t\t\t\t\t\t\t\t\t\t<a href=\"https:\/\/scenarimagazine.eu\/wp-content\/uploads\/2026\/02\/passeggiando-per-un-centro-storico-salentino-al-tramonto-in-autunno-e1771501936746.png\" data-elementor-open-lightbox=\"yes\" data-elementor-lightbox-title=\"passeggiando per un centro storico salentino al tramonto in autunno\" data-e-action-hash=\"#elementor-action%3Aaction%3Dlightbox%26settings%3DeyJpZCI6MjMwLCJ1cmwiOiJodHRwczpcL1wvc2NlbmFyaW1hZ2F6aW5lLmV1XC93cC1jb250ZW50XC91cGxvYWRzXC8yMDI2XC8wMlwvcGFzc2VnZ2lhbmRvLXBlci11bi1jZW50cm8tc3Rvcmljby1zYWxlbnRpbm8tYWwtdHJhbW9udG8taW4tYXV0dW5uby1lMTc3MTUwMTkzNjc0Ni5wbmcifQ%3D%3D\">\n\t\t\t\t\t\t\t<img decoding=\"async\" src=\"https:\/\/scenarimagazine.eu\/wp-content\/uploads\/elementor\/thumbs\/passeggiando-per-un-centro-storico-salentino-al-tramonto-in-autunno-e1771501936746-rjdsrffw27a8q9t9nso906smis4vaa6zzrsv3gfpo8.png\" title=\"passeggiando per un centro storico salentino al tramonto in autunno\" alt=\"passeggiando per un centro storico salentino al tramonto in autunno\" loading=\"lazy\" \/>\t\t\t\t\t\t\t\t<\/a>\n\t\t\t\t\t\t\t\t\t\t\t\t\t\t\t<\/div>\n\t\t\t\t<div class=\"elementor-element elementor-element-0504c41 elementor-widget elementor-widget-text-editor\" data-id=\"0504c41\" data-element_type=\"widget\" data-e-type=\"widget\" data-widget_type=\"text-editor.default\">\n\t\t\t\t\t\t\t\t\t<p><b>SILENT SALENTO<\/b> \u00e8 un percorso, una trama che lega e intreccia luoghi e saperi, spazi e testimonianze, sguardi e suggestioni.<br><span style=\"font-style: inherit; font-weight: inherit;\">Un racconto di un territorio che predilige le strade meno battute, percorrendo sentieri inconsueti, alla ri-scoperta di un patrimonio interiore ed esteriore cui mettersi in ascolto.<br><\/span><span style=\"font-style: inherit; font-weight: inherit;\">Storie di un&#8217;umanit\u00e0 e visioni di paesaggi che restituiscono un&#8217;identit\u00e0 preziosa. Una memoria del passato e del presente per costruire la &#8220;memoria del futuro&#8221;.<\/span><\/p>\t\t\t\t\t\t\t\t<\/div>\n\t\t\t\t<div class=\"elementor-element elementor-element-0ade054 elementor-widget-divider--view-line elementor-widget elementor-widget-divider\" data-id=\"0ade054\" data-element_type=\"widget\" data-e-type=\"widget\" data-widget_type=\"divider.default\">\n\t\t\t\t\t\t\t<div class=\"elementor-divider\">\n\t\t\t<span class=\"elementor-divider-separator\">\n\t\t\t\t\t\t<\/span>\n\t\t<\/div>\n\t\t\t\t\t\t<\/div>\n\t\t\t\t<div class=\"elementor-element elementor-element-50d7d61 elementor-widget elementor-widget-heading\" data-id=\"50d7d61\" data-element_type=\"widget\" data-e-type=\"widget\" data-widget_type=\"heading.default\">\n\t\t\t\t\t<h2 class=\"elementor-heading-title elementor-size-default\">I LUOGHI<\/h2>\t\t\t\t<\/div>\n\t\t\t\t<div class=\"elementor-element elementor-element-5431e22 elementor-widget elementor-widget-heading\" data-id=\"5431e22\" data-element_type=\"widget\" data-e-type=\"widget\" data-widget_type=\"heading.default\">\n\t\t\t\t\t<h2 class=\"elementor-heading-title elementor-size-default\">Otranto | Il faro di Punta Palascia<\/h2>\t\t\t\t<\/div>\n\t\t\t\t\t<\/div>\n\t\t\t\t<\/div>\n\t\t<div class=\"elementor-element elementor-element-c83f4bd e-grid e-con-boxed e-con e-parent\" data-id=\"c83f4bd\" data-element_type=\"container\" data-e-type=\"container\">\n\t\t\t\t\t<div class=\"e-con-inner\">\n\t\t\t\t<div class=\"elementor-element elementor-element-a96cc6d elementor-widget elementor-widget-image\" data-id=\"a96cc6d\" data-element_type=\"widget\" data-e-type=\"widget\" data-widget_type=\"image.default\">\n\t\t\t\t\t\t\t\t\t\t\t\t\t\t\t<img decoding=\"async\" src=\"https:\/\/scenarimagazine.eu\/wp-content\/uploads\/elementor\/thumbs\/pexels-todd-trapani-488382-1535162-scaled-rjdlzvgxzf6olf0uiynymdwit23z8euxhya2xvmyj4.jpg\" title=\"pexels-todd-trapani-488382-1535162\" alt=\"Vista del faro al tramonto\" loading=\"lazy\" \/>\t\t\t\t\t\t\t\t\t\t\t\t\t\t\t<\/div>\n\t\t\t\t<div class=\"elementor-element elementor-element-0e8aac2 elementor-widget elementor-widget-heading\" data-id=\"0e8aac2\" data-element_type=\"widget\" data-e-type=\"widget\" data-widget_type=\"heading.default\">\n\t\t\t\t\t<h2 class=\"elementor-heading-title elementor-size-default\"><b>Punta Palascia: dove il giorno ha inizio\n<\/b> <br>\nIn questo lembo estremo di roccia pugliese, il tempo sembra sospeso in un\u2019attesa immobile. Il silenzio qui non \u00e8 assenza di suono, ma il respiro profondo del mare che si infrange sulla scogliera, ripulendo i pensieri dal rumore del mondo.\n\n\u00c8 il luogo della luce assoluta: quella bianca e accecante della torre che svetta contro il blu, e quella del primo raggio di sole che bacia l\u2019Italia, sorgendo dalle acque dell'Adriatico.\n\nChi giunge qui, tra l\u2019odore di sale e il vento di tramontana, cerca una ri-nascita. Davanti all'orizzonte infinito, ci si spoglia del superfluo per ritrovarsi integri, pronti a ricominciare con la chiarezza che solo l'alba pi\u00f9 remota sa donare.<\/h2>\t\t\t\t<\/div>\n\t\t\t\t<div class=\"elementor-element elementor-element-9754461 elementor-widget elementor-widget-video\" data-id=\"9754461\" data-element_type=\"widget\" data-e-type=\"widget\" data-settings=\"{&quot;youtube_url&quot;:&quot;https:\\\/\\\/www.youtube.com\\\/watch?v=TJpdD72oiGA&quot;,&quot;video_type&quot;:&quot;youtube&quot;,&quot;controls&quot;:&quot;yes&quot;}\" data-widget_type=\"video.default\">\n\t\t\t\t\t\t\t<div class=\"elementor-wrapper elementor-open-inline\">\n\t\t\t<div class=\"elementor-video\"><\/div>\t\t<\/div>\n\t\t\t\t\t\t<\/div>\n\t\t\t\t\t<\/div>\n\t\t\t\t<\/div>\n\t\t<div class=\"elementor-element elementor-element-64c39c1 e-flex e-con-boxed e-con e-parent\" data-id=\"64c39c1\" data-element_type=\"container\" data-e-type=\"container\">\n\t\t\t\t\t<div class=\"e-con-inner\">\n\t\t\t\t<div class=\"elementor-element elementor-element-fd8ef7e elementor-widget elementor-widget-text-editor\" data-id=\"fd8ef7e\" data-element_type=\"widget\" data-e-type=\"widget\" data-widget_type=\"text-editor.default\">\n\t\t\t\t\t\t\t\t\t<p><br \/><span style=\"color: #504235; font-family: 'Source Sans Pro', sans-serif; font-size: 20px; font-style: italic; font-weight: 600; text-align: center; white-space-collapse: preserve;\">Qui, dove il primo sole d&#8217;Italia dissolve le ombre della notte, ogni sguardo verso l&#8217;orizzonte \u00e8 una promessa di nuovo inizio.<\/span><\/p>\t\t\t\t\t\t\t\t<\/div>\n\t\t\t\t<div class=\"elementor-element elementor-element-5882f46 elementor-widget-divider--view-line elementor-widget elementor-widget-divider\" data-id=\"5882f46\" data-element_type=\"widget\" data-e-type=\"widget\" data-widget_type=\"divider.default\">\n\t\t\t\t\t\t\t<div class=\"elementor-divider\">\n\t\t\t<span class=\"elementor-divider-separator\">\n\t\t\t\t\t\t<\/span>\n\t\t<\/div>\n\t\t\t\t\t\t<\/div>\n\t\t\t\t<div class=\"elementor-element elementor-element-584d899 elementor-widget elementor-widget-heading\" data-id=\"584d899\" data-element_type=\"widget\" data-e-type=\"widget\" data-widget_type=\"heading.default\">\n\t\t\t\t\t<h2 class=\"elementor-heading-title elementor-size-default\">GLI INCONTRI<\/h2>\t\t\t\t<\/div>\n\t\t\t\t<div class=\"elementor-element elementor-element-cd73d56 elementor-widget elementor-widget-heading\" data-id=\"cd73d56\" data-element_type=\"widget\" data-e-type=\"widget\" data-widget_type=\"heading.default\">\n\t\t\t\t\t<h2 class=\"elementor-heading-title elementor-size-default\">Renzo Buttazzo<\/h2>\t\t\t\t<\/div>\n\t\t<div class=\"elementor-element elementor-element-f351ce7 e-grid e-con-full e-con e-child\" data-id=\"f351ce7\" data-element_type=\"container\" data-e-type=\"container\">\n\t\t\t\t<div class=\"elementor-element elementor-element-277adf2 elementor-widget elementor-widget-image\" data-id=\"277adf2\" data-element_type=\"widget\" data-e-type=\"widget\" data-widget_type=\"image.default\">\n\t\t\t\t\t\t\t\t\t\t\t\t\t\t\t\t<a href=\"https:\/\/scenarimagazine.eu\/wp-content\/uploads\/2026\/02\/renzo-buttazoo-e1771501980360.jpg\" data-elementor-open-lightbox=\"yes\" data-elementor-lightbox-title=\"Maurizio Buttazzo\" data-e-action-hash=\"#elementor-action%3Aaction%3Dlightbox%26settings%3DeyJpZCI6NDY0LCJ1cmwiOiJodHRwczpcL1wvc2NlbmFyaW1hZ2F6aW5lLmV1XC93cC1jb250ZW50XC91cGxvYWRzXC8yMDI2XC8wMlwvcmVuem8tYnV0dGF6b28tZTE3NzE1MDE5ODAzNjAuanBnIn0%3D\">\n\t\t\t\t\t\t\t<img decoding=\"async\" src=\"https:\/\/scenarimagazine.eu\/wp-content\/uploads\/elementor\/thumbs\/renzo-buttazoo-e1771501980360-rjdssksd6q5z2vktmqjhqmwi47zz3qbb54con4taog.jpg\" title=\"Maurizio Buttazzo\" alt=\"maurizio buttazzo e le sue creazioni\" loading=\"lazy\" \/>\t\t\t\t\t\t\t\t<\/a>\n\t\t\t\t\t\t\t\t\t\t\t\t\t\t\t<\/div>\n\t\t\t\t<div class=\"elementor-element elementor-element-f5599f7 elementor-widget elementor-widget-heading\" data-id=\"f5599f7\" data-element_type=\"widget\" data-e-type=\"widget\" data-widget_type=\"heading.default\">\n\t\t\t\t\t<h2 class=\"elementor-heading-title elementor-size-default\">La casa-laboratorio di Renzo Buttazzo \u00e8 un luogo in cui il silenzio accompagna. Accompagna i passi, accompagna le parole, accompagna la materia. Il silenzio accompagna il momento della creazione di ogni artista, e qui sembra precederlo, come se fosse gi\u00e0 l\u00ec ad aspettare.\n\nNon appena varcato il portone, lo spazio si apre in un sentiero dipanato tra una distesa d\u2019erba, una continuit\u00e0 inframmezzata da alberi di mandarini, limoni, materiali da essere assemblati e dalle creazioni. Non c\u2019\u00e8 un ordine espositivo, non c\u2019\u00e8 un percorso imposto. C\u2019\u00e8 piuttosto una coabitazione: natura, attesa, forma.<\/h2>\t\t\t\t<\/div>\n\t\t\t\t<div class=\"elementor-element elementor-element-a3dba25 elementor-widget elementor-widget-video\" data-id=\"a3dba25\" data-element_type=\"widget\" data-e-type=\"widget\" data-settings=\"{&quot;youtube_url&quot;:&quot;https:\\\/\\\/www.youtube.com\\\/watch?v=_9WGRFBA9pE&quot;,&quot;video_type&quot;:&quot;youtube&quot;,&quot;controls&quot;:&quot;yes&quot;}\" data-widget_type=\"video.default\">\n\t\t\t\t\t\t\t<div class=\"elementor-wrapper elementor-open-inline\">\n\t\t\t<div class=\"elementor-video\"><\/div>\t\t<\/div>\n\t\t\t\t\t\t<\/div>\n\t\t\t\t<\/div>\n\t\t\t\t<div class=\"elementor-element elementor-element-7a6f404 elementor-widget elementor-widget-text-editor\" data-id=\"7a6f404\" data-element_type=\"widget\" data-e-type=\"widget\" data-widget_type=\"text-editor.default\">\n\t\t\t\t\t\t\t\t\t<p><br \/><span style=\"color: #504235; font-family: Source Sans Pro, sans-serif;\"><span style=\"font-size: 20px; white-space-collapse: preserve;\"><b><i>&#8230; la forma emerge piano, come se dovesse restituire alla pietra la luce che trattiene. Il silenzio non \u00e8 assenza. \u00c8 ascolto. \u00c8 tempo concesso alle cose. <\/i><\/b><\/span><\/span><\/p>\t\t\t\t\t\t\t\t<\/div>\n\t\t\t\t<div class=\"elementor-element elementor-element-b0d3cef elementor-widget-divider--view-line elementor-widget elementor-widget-divider\" data-id=\"b0d3cef\" data-element_type=\"widget\" data-e-type=\"widget\" data-widget_type=\"divider.default\">\n\t\t\t\t\t\t\t<div class=\"elementor-divider\">\n\t\t\t<span class=\"elementor-divider-separator\">\n\t\t\t\t\t\t<\/span>\n\t\t<\/div>\n\t\t\t\t\t\t<\/div>\n\t\t\t\t\t<\/div>\n\t\t\t\t<\/div>\n\t\t<div class=\"elementor-element elementor-element-96e30cc e-flex e-con-boxed e-con e-parent\" data-id=\"96e30cc\" data-element_type=\"container\" data-e-type=\"container\">\n\t\t\t\t\t<div class=\"e-con-inner\">\n\t\t\t\t<div class=\"elementor-element elementor-element-b24fe96 elementor-widget elementor-widget-heading\" data-id=\"b24fe96\" data-element_type=\"widget\" data-e-type=\"widget\" data-widget_type=\"heading.default\">\n\t\t\t\t\t<h2 class=\"elementor-heading-title elementor-size-default\"><b>Chi sono, cosa faccio qui<\/b><\/h2>\t\t\t\t<\/div>\n\t\t\t\t\t<\/div>\n\t\t\t\t<\/div>\n\t\t<div class=\"elementor-element elementor-element-4be5465 e-flex e-con-boxed e-con e-parent\" data-id=\"4be5465\" data-element_type=\"container\" data-e-type=\"container\">\n\t\t\t\t\t<div class=\"e-con-inner\">\n\t\t<div class=\"elementor-element elementor-element-18a294a e-con-full e-flex e-con e-child\" data-id=\"18a294a\" data-element_type=\"container\" data-e-type=\"container\">\n\t\t\t\t<div class=\"elementor-element elementor-element-4ade8ea elementor-widget-mobile__width-initial elementor-widget elementor-widget-image\" data-id=\"4ade8ea\" data-element_type=\"widget\" data-e-type=\"widget\" data-widget_type=\"image.default\">\n\t\t\t\t\t\t\t\t\t\t\t\t\t\t\t<img fetchpriority=\"high\" decoding=\"async\" width=\"630\" height=\"600\" src=\"https:\/\/scenarimagazine.eu\/wp-content\/uploads\/2026\/02\/14-la-stampa.jpg\" class=\"attachment-large size-large wp-image-364\" alt=\"\" srcset=\"https:\/\/scenarimagazine.eu\/wp-content\/uploads\/2026\/02\/14-la-stampa.jpg 630w, https:\/\/scenarimagazine.eu\/wp-content\/uploads\/2026\/02\/14-la-stampa-300x286.jpg 300w\" sizes=\"(max-width: 630px) 100vw, 630px\" \/>\t\t\t\t\t\t\t\t\t\t\t\t\t\t\t<\/div>\n\t\t\t\t<\/div>\n\t\t<div class=\"elementor-element elementor-element-0e96bc3 e-con-full e-flex e-con e-child\" data-id=\"0e96bc3\" data-element_type=\"container\" data-e-type=\"container\">\n\t\t\t\t<div class=\"elementor-element elementor-element-98615d9 elementor-widget elementor-widget-text-editor\" data-id=\"98615d9\" data-element_type=\"widget\" data-e-type=\"widget\" data-widget_type=\"text-editor.default\">\n\t\t\t\t\t\t\t\t\t<p>Bibliotecario e operatore culturale, nell&#8217;ambito del progetto <b>Silent salento<\/b> mi occupo della cura del sito dedicato, raccogliendo i materiali e i contenuti prodotti dai colleghi\u00a0 e condividendo le scelte editoriali e stilistiche per valorizzarli.<\/p>\t\t\t\t\t\t\t\t<\/div>\n\t\t\t\t<\/div>\n\t\t\t\t\t<\/div>\n\t\t\t\t<\/div>\n\t\t\t\t<\/div>\n\t\t","protected":false},"excerpt":{"rendered":"<p>SILENT SALENTO \u00e8 un percorso, una trama che lega e intreccia luoghi e saperi, spazi e testimonianze, sguardi e suggestioni.Un [&hellip;]<\/p>\n","protected":false},"author":21,"featured_media":0,"parent":0,"menu_order":0,"comment_status":"closed","ping_status":"closed","template":"","meta":{"site-sidebar-layout":"no-sidebar","site-content-layout":"","ast-site-content-layout":"full-width-container","site-content-style":"default","site-sidebar-style":"default","ast-global-header-display":"","ast-banner-title-visibility":"","ast-main-header-display":"","ast-hfb-above-header-display":"","ast-hfb-below-header-display":"","ast-hfb-mobile-header-display":"","site-post-title":"disabled","ast-breadcrumbs-content":"","ast-featured-img":"disabled","footer-sml-layout":"","ast-disable-related-posts":"","theme-transparent-header-meta":"","adv-header-id-meta":"","stick-header-meta":"","header-above-stick-meta":"","header-main-stick-meta":"","header-below-stick-meta":"","astra-migrate-meta-layouts":"default","ast-page-background-enabled":"default","ast-page-background-meta":{"desktop":{"background-color":"var(--ast-global-color-5)","background-image":"","background-repeat":"repeat","background-position":"center center","background-size":"auto","background-attachment":"scroll","background-type":"","background-media":"","overlay-type":"","overlay-color":"","overlay-opacity":"","overlay-gradient":""},"tablet":{"background-color":"","background-image":"","background-repeat":"repeat","background-position":"center center","background-size":"auto","background-attachment":"scroll","background-type":"","background-media":"","overlay-type":"","overlay-color":"","overlay-opacity":"","overlay-gradient":""},"mobile":{"background-color":"","background-image":"","background-repeat":"repeat","background-position":"center center","background-size":"auto","background-attachment":"scroll","background-type":"","background-media":"","overlay-type":"","overlay-color":"","overlay-opacity":"","overlay-gradient":""}},"ast-content-background-meta":{"desktop":{"background-color":"var(--ast-global-color-4)","background-image":"","background-repeat":"repeat","background-position":"center center","background-size":"auto","background-attachment":"scroll","background-type":"","background-media":"","overlay-type":"","overlay-color":"","overlay-opacity":"","overlay-gradient":""},"tablet":{"background-color":"var(--ast-global-color-4)","background-image":"","background-repeat":"repeat","background-position":"center center","background-size":"auto","background-attachment":"scroll","background-type":"","background-media":"","overlay-type":"","overlay-color":"","overlay-opacity":"","overlay-gradient":""},"mobile":{"background-color":"var(--ast-global-color-4)","background-image":"","background-repeat":"repeat","background-position":"center center","background-size":"auto","background-attachment":"scroll","background-type":"","background-media":"","overlay-type":"","overlay-color":"","overlay-opacity":"","overlay-gradient":""}},"footnotes":""},"class_list":["post-274","page","type-page","status-publish","hentry"],"yoast_head":"<!-- This site is optimized with the Yoast SEO plugin v27.0 - https:\/\/yoast.com\/product\/yoast-seo-wordpress\/ -->\n<title>Giuseppe - Scenari Magazine<\/title>\n<meta name=\"robots\" content=\"index, follow, max-snippet:-1, max-image-preview:large, max-video-preview:-1\" \/>\n<link rel=\"canonical\" href=\"https:\/\/scenarimagazine.eu\/?page_id=274\" \/>\n<meta property=\"og:locale\" content=\"en_US\" \/>\n<meta property=\"og:type\" content=\"article\" \/>\n<meta property=\"og:title\" content=\"Giuseppe - Scenari Magazine\" \/>\n<meta property=\"og:description\" content=\"SILENT SALENTO \u00e8 un percorso, una trama che lega e intreccia luoghi e saperi, spazi e testimonianze, sguardi e suggestioni.Un [&hellip;]\" \/>\n<meta property=\"og:url\" content=\"https:\/\/scenarimagazine.eu\/?page_id=274\" \/>\n<meta property=\"og:site_name\" content=\"Scenari Magazine\" \/>\n<meta property=\"article:modified_time\" content=\"2026-02-19T12:29:30+00:00\" \/>\n<meta property=\"og:image\" content=\"https:\/\/scenarimagazine.eu\/wp-content\/uploads\/elementor\/thumbs\/passeggiando-per-un-centro-storico-salentino-al-tramonto-in-autunno-e1771501936746-rjdsrffw27a8q9t9nso906smis4vaa6zzrsutxi188.png\" \/>\n<meta name=\"twitter:card\" content=\"summary_large_image\" \/>\n<meta name=\"twitter:label1\" content=\"Est. reading time\" \/>\n\t<meta name=\"twitter:data1\" content=\"3 minutes\" \/>\n<script type=\"application\/ld+json\" class=\"yoast-schema-graph\">{\"@context\":\"https:\/\/schema.org\",\"@graph\":[{\"@type\":\"WebPage\",\"@id\":\"https:\/\/scenarimagazine.eu\/?page_id=274\",\"url\":\"https:\/\/scenarimagazine.eu\/?page_id=274\",\"name\":\"Giuseppe - Scenari Magazine\",\"isPartOf\":{\"@id\":\"https:\/\/scenarimagazine.eu\/#website\"},\"primaryImageOfPage\":{\"@id\":\"https:\/\/scenarimagazine.eu\/?page_id=274#primaryimage\"},\"image\":{\"@id\":\"https:\/\/scenarimagazine.eu\/?page_id=274#primaryimage\"},\"thumbnailUrl\":\"https:\/\/scenarimagazine.eu\/wp-content\/uploads\/elementor\/thumbs\/passeggiando-per-un-centro-storico-salentino-al-tramonto-in-autunno-e1771501936746-rjdsrffw27a8q9t9nso906smis4vaa6zzrsutxi188.png\",\"datePublished\":\"2026-02-19T08:58:33+00:00\",\"dateModified\":\"2026-02-19T12:29:30+00:00\",\"breadcrumb\":{\"@id\":\"https:\/\/scenarimagazine.eu\/?page_id=274#breadcrumb\"},\"inLanguage\":\"en-US\",\"potentialAction\":[{\"@type\":\"ReadAction\",\"target\":[\"https:\/\/scenarimagazine.eu\/?page_id=274\"]}]},{\"@type\":\"ImageObject\",\"inLanguage\":\"en-US\",\"@id\":\"https:\/\/scenarimagazine.eu\/?page_id=274#primaryimage\",\"url\":\"https:\/\/scenarimagazine.eu\/wp-content\/uploads\/elementor\/thumbs\/passeggiando-per-un-centro-storico-salentino-al-tramonto-in-autunno-e1771501936746-rjdsrffw27a8q9t9nso906smis4vaa6zzrsutxi188.png\",\"contentUrl\":\"https:\/\/scenarimagazine.eu\/wp-content\/uploads\/elementor\/thumbs\/passeggiando-per-un-centro-storico-salentino-al-tramonto-in-autunno-e1771501936746-rjdsrffw27a8q9t9nso906smis4vaa6zzrsutxi188.png\"},{\"@type\":\"BreadcrumbList\",\"@id\":\"https:\/\/scenarimagazine.eu\/?page_id=274#breadcrumb\",\"itemListElement\":[{\"@type\":\"ListItem\",\"position\":1,\"name\":\"Home\",\"item\":\"https:\/\/scenarimagazine.eu\/\"},{\"@type\":\"ListItem\",\"position\":2,\"name\":\"Giuseppe\"}]},{\"@type\":\"WebSite\",\"@id\":\"https:\/\/scenarimagazine.eu\/#website\",\"url\":\"https:\/\/scenarimagazine.eu\/\",\"name\":\"Scenari Magazine\",\"description\":\"\",\"publisher\":{\"@id\":\"https:\/\/scenarimagazine.eu\/#organization\"},\"potentialAction\":[{\"@type\":\"SearchAction\",\"target\":{\"@type\":\"EntryPoint\",\"urlTemplate\":\"https:\/\/scenarimagazine.eu\/?s={search_term_string}\"},\"query-input\":{\"@type\":\"PropertyValueSpecification\",\"valueRequired\":true,\"valueName\":\"search_term_string\"}}],\"inLanguage\":\"en-US\"},{\"@type\":\"Organization\",\"@id\":\"https:\/\/scenarimagazine.eu\/#organization\",\"name\":\"Scenari Magazine\",\"url\":\"https:\/\/scenarimagazine.eu\/\",\"logo\":{\"@type\":\"ImageObject\",\"inLanguage\":\"en-US\",\"@id\":\"https:\/\/scenarimagazine.eu\/#\/schema\/logo\/image\/\",\"url\":\"https:\/\/scenarimagazine.eu\/wp-content\/uploads\/2026\/02\/cropped-cropped-7-scaled-1.jpg\",\"contentUrl\":\"https:\/\/scenarimagazine.eu\/wp-content\/uploads\/2026\/02\/cropped-cropped-7-scaled-1.jpg\",\"width\":2557,\"height\":1372,\"caption\":\"Scenari Magazine\"},\"image\":{\"@id\":\"https:\/\/scenarimagazine.eu\/#\/schema\/logo\/image\/\"}}]}<\/script>\n<!-- \/ Yoast SEO plugin. -->","yoast_head_json":{"title":"Giuseppe - Scenari Magazine","robots":{"index":"index","follow":"follow","max-snippet":"max-snippet:-1","max-image-preview":"max-image-preview:large","max-video-preview":"max-video-preview:-1"},"canonical":"https:\/\/scenarimagazine.eu\/?page_id=274","og_locale":"en_US","og_type":"article","og_title":"Giuseppe - Scenari Magazine","og_description":"SILENT SALENTO \u00e8 un percorso, una trama che lega e intreccia luoghi e saperi, spazi e testimonianze, sguardi e suggestioni.Un [&hellip;]","og_url":"https:\/\/scenarimagazine.eu\/?page_id=274","og_site_name":"Scenari Magazine","article_modified_time":"2026-02-19T12:29:30+00:00","og_image":[{"url":"https:\/\/scenarimagazine.eu\/wp-content\/uploads\/elementor\/thumbs\/passeggiando-per-un-centro-storico-salentino-al-tramonto-in-autunno-e1771501936746-rjdsrffw27a8q9t9nso906smis4vaa6zzrsutxi188.png","type":"","width":"","height":""}],"twitter_card":"summary_large_image","twitter_misc":{"Est. reading time":"3 minutes"},"schema":{"@context":"https:\/\/schema.org","@graph":[{"@type":"WebPage","@id":"https:\/\/scenarimagazine.eu\/?page_id=274","url":"https:\/\/scenarimagazine.eu\/?page_id=274","name":"Giuseppe - Scenari Magazine","isPartOf":{"@id":"https:\/\/scenarimagazine.eu\/#website"},"primaryImageOfPage":{"@id":"https:\/\/scenarimagazine.eu\/?page_id=274#primaryimage"},"image":{"@id":"https:\/\/scenarimagazine.eu\/?page_id=274#primaryimage"},"thumbnailUrl":"https:\/\/scenarimagazine.eu\/wp-content\/uploads\/elementor\/thumbs\/passeggiando-per-un-centro-storico-salentino-al-tramonto-in-autunno-e1771501936746-rjdsrffw27a8q9t9nso906smis4vaa6zzrsutxi188.png","datePublished":"2026-02-19T08:58:33+00:00","dateModified":"2026-02-19T12:29:30+00:00","breadcrumb":{"@id":"https:\/\/scenarimagazine.eu\/?page_id=274#breadcrumb"},"inLanguage":"en-US","potentialAction":[{"@type":"ReadAction","target":["https:\/\/scenarimagazine.eu\/?page_id=274"]}]},{"@type":"ImageObject","inLanguage":"en-US","@id":"https:\/\/scenarimagazine.eu\/?page_id=274#primaryimage","url":"https:\/\/scenarimagazine.eu\/wp-content\/uploads\/elementor\/thumbs\/passeggiando-per-un-centro-storico-salentino-al-tramonto-in-autunno-e1771501936746-rjdsrffw27a8q9t9nso906smis4vaa6zzrsutxi188.png","contentUrl":"https:\/\/scenarimagazine.eu\/wp-content\/uploads\/elementor\/thumbs\/passeggiando-per-un-centro-storico-salentino-al-tramonto-in-autunno-e1771501936746-rjdsrffw27a8q9t9nso906smis4vaa6zzrsutxi188.png"},{"@type":"BreadcrumbList","@id":"https:\/\/scenarimagazine.eu\/?page_id=274#breadcrumb","itemListElement":[{"@type":"ListItem","position":1,"name":"Home","item":"https:\/\/scenarimagazine.eu\/"},{"@type":"ListItem","position":2,"name":"Giuseppe"}]},{"@type":"WebSite","@id":"https:\/\/scenarimagazine.eu\/#website","url":"https:\/\/scenarimagazine.eu\/","name":"Scenari Magazine","description":"","publisher":{"@id":"https:\/\/scenarimagazine.eu\/#organization"},"potentialAction":[{"@type":"SearchAction","target":{"@type":"EntryPoint","urlTemplate":"https:\/\/scenarimagazine.eu\/?s={search_term_string}"},"query-input":{"@type":"PropertyValueSpecification","valueRequired":true,"valueName":"search_term_string"}}],"inLanguage":"en-US"},{"@type":"Organization","@id":"https:\/\/scenarimagazine.eu\/#organization","name":"Scenari Magazine","url":"https:\/\/scenarimagazine.eu\/","logo":{"@type":"ImageObject","inLanguage":"en-US","@id":"https:\/\/scenarimagazine.eu\/#\/schema\/logo\/image\/","url":"https:\/\/scenarimagazine.eu\/wp-content\/uploads\/2026\/02\/cropped-cropped-7-scaled-1.jpg","contentUrl":"https:\/\/scenarimagazine.eu\/wp-content\/uploads\/2026\/02\/cropped-cropped-7-scaled-1.jpg","width":2557,"height":1372,"caption":"Scenari Magazine"},"image":{"@id":"https:\/\/scenarimagazine.eu\/#\/schema\/logo\/image\/"}}]}},"_links":{"self":[{"href":"https:\/\/scenarimagazine.eu\/index.php?rest_route=\/wp\/v2\/pages\/274","targetHints":{"allow":["GET"]}}],"collection":[{"href":"https:\/\/scenarimagazine.eu\/index.php?rest_route=\/wp\/v2\/pages"}],"about":[{"href":"https:\/\/scenarimagazine.eu\/index.php?rest_route=\/wp\/v2\/types\/page"}],"author":[{"embeddable":true,"href":"https:\/\/scenarimagazine.eu\/index.php?rest_route=\/wp\/v2\/users\/21"}],"replies":[{"embeddable":true,"href":"https:\/\/scenarimagazine.eu\/index.php?rest_route=%2Fwp%2Fv2%2Fcomments&post=274"}],"version-history":[{"count":11,"href":"https:\/\/scenarimagazine.eu\/index.php?rest_route=\/wp\/v2\/pages\/274\/revisions"}],"predecessor-version":[{"id":643,"href":"https:\/\/scenarimagazine.eu\/index.php?rest_route=\/wp\/v2\/pages\/274\/revisions\/643"}],"wp:attachment":[{"href":"https:\/\/scenarimagazine.eu\/index.php?rest_route=%2Fwp%2Fv2%2Fmedia&parent=274"}],"curies":[{"name":"wp","href":"https:\/\/api.w.org\/{rel}","templated":true}]}}