{"id":45,"date":"2026-02-18T10:26:23","date_gmt":"2026-02-18T10:26:23","guid":{"rendered":"https:\/\/scenarimagazine.eu\/?page_id=45"},"modified":"2026-02-19T12:06:19","modified_gmt":"2026-02-19T12:06:19","slug":"enrico","status":"publish","type":"page","link":"https:\/\/scenarimagazine.eu\/?page_id=45","title":{"rendered":"Enrico"},"content":{"rendered":"\t\t<div data-elementor-type=\"wp-page\" data-elementor-id=\"45\" class=\"elementor elementor-45\" data-elementor-post-type=\"page\">\n\t\t\t\t<div class=\"elementor-element elementor-element-4067a7ee e-flex e-con-boxed e-con e-parent\" data-id=\"4067a7ee\" data-element_type=\"container\" data-e-type=\"container\">\n\t\t\t\t\t<div class=\"e-con-inner\">\n\t\t\t\t<div class=\"elementor-element elementor-element-770f92af elementor-widget elementor-widget-text-editor\" data-id=\"770f92af\" data-element_type=\"widget\" data-e-type=\"widget\" data-widget_type=\"text-editor.default\">\n\t\t\t\t\t\t\t\t\t\n<p>Che cos&#8217;\u00e8 <strong>Silent Salento<\/strong>? \u00c8 progetto che permetter\u00e0 di scoprire un lato della terra salentina che non si vede sui cataloghi, sulle guide e, soprattutto, sui social media. Un lato che si manifester\u00e0 in maniera autentica solo attraverso un elemento che oggi, forse, \u00e8 sempre meno ricercato: il <strong>silenzio<\/strong>. Il silenzio inteso come capacit\u00e0 di ascoltare ci\u00f2 che si nasconde da noi a causa del caos dell&#8217;ambiente circostante. <\/p>\n\n\n\n<ul class=\"wp-block-list\">\n<li>Partecipazione ai tour<\/li>\n\n\n\n<li>Osservazione dei luoghi<\/li>\n\n\n\n<li>Visione del materiale audiovisivo raccolto dai colleghi<\/li>\n\n\n\n<li>Elaborazione dei testi <\/li>\n<\/ul>\n\t\t\t\t\t\t\t\t<\/div>\n\t\t\t\t\t<\/div>\n\t\t\t\t<\/div>\n\t\t<div class=\"elementor-element elementor-element-ddd21a6 e-flex e-con-boxed e-con e-parent\" data-id=\"ddd21a6\" data-element_type=\"container\" data-e-type=\"container\">\n\t\t\t\t\t<div class=\"e-con-inner\">\n\t\t<div class=\"elementor-element elementor-element-c8de060 e-con-full e-flex e-con e-child\" data-id=\"c8de060\" data-element_type=\"container\" data-e-type=\"container\">\n\t\t\t\t<div class=\"elementor-element elementor-element-51341af elementor-widget elementor-widget-image\" data-id=\"51341af\" data-element_type=\"widget\" data-e-type=\"widget\" data-widget_type=\"image.default\">\n\t\t\t\t\t\t\t\t\t\t\t\t\t\t\t<img fetchpriority=\"high\" decoding=\"async\" width=\"768\" height=\"1024\" src=\"https:\/\/scenarimagazine.eu\/wp-content\/uploads\/2026\/02\/IMG_0030-768x1024.jpg\" class=\"attachment-large size-large wp-image-222\" alt=\"Una fotografa del progetto immortala un&#039;opera dello scultore Renzo Buttazzo.\" srcset=\"https:\/\/scenarimagazine.eu\/wp-content\/uploads\/2026\/02\/IMG_0030-768x1024.jpg 768w, https:\/\/scenarimagazine.eu\/wp-content\/uploads\/2026\/02\/IMG_0030-225x300.jpg 225w, https:\/\/scenarimagazine.eu\/wp-content\/uploads\/2026\/02\/IMG_0030-1152x1536.jpg 1152w, https:\/\/scenarimagazine.eu\/wp-content\/uploads\/2026\/02\/IMG_0030.jpg 1536w\" sizes=\"(max-width: 768px) 100vw, 768px\" \/>\t\t\t\t\t\t\t\t\t\t\t\t\t\t\t<\/div>\n\t\t\t\t<\/div>\n\t\t\t\t\t<\/div>\n\t\t\t\t<\/div>\n\t\t<div class=\"elementor-element elementor-element-42a999a e-flex e-con-boxed e-con e-parent\" data-id=\"42a999a\" data-element_type=\"container\" data-e-type=\"container\">\n\t\t\t\t\t<div class=\"e-con-inner\">\n\t\t<div class=\"elementor-element elementor-element-1824e72 e-con-full e-flex e-con e-child\" data-id=\"1824e72\" data-element_type=\"container\" data-e-type=\"container\">\n\t\t\t\t<div class=\"elementor-element elementor-element-e7e86b9 elementor-widget elementor-widget-text-editor\" data-id=\"e7e86b9\" data-element_type=\"widget\" data-e-type=\"widget\" data-widget_type=\"text-editor.default\">\n\t\t\t\t\t\t\t\t\t<p>Silent Salento non \u00e8 solo un progetto a cui sto prendendo parte. Si tratta di una esperienza che sta coinvolgendo appieno la mia mente e impiegando tutti i miei sensi, senza contare che vengono messe alla prova le mie conoscenze pregresse su quella che \u00e8 la mia terra natale. Sembra assurdo, ma tutto ci\u00f2 mi ha fatto ricordare una frase di uno dei pi\u00f9 bei film con Robin Williams, ovvero &#8220;L&#8217;attimo fuggente&#8221;; la frase era &#8220;\u00e8 proprio quando pensate di conoscere una cosa che dovete guardarla da angolazioni diverse&#8221;.\u00a0 E i miei colleghi lo hanno fatto letteralmente con tutte le attrezzature che ci sono state messe a disposizione, mentre a me tocca riportare con le parole tutte le sensazioni che stiamo vivendo e che vivremo.<\/p>\t\t\t\t\t\t\t\t<\/div>\n\t\t\t\t<\/div>\n\t\t\t\t\t<\/div>\n\t\t\t\t<\/div>\n\t\t<div class=\"elementor-element elementor-element-6f4c707 e-flex e-con-boxed e-con e-parent\" data-id=\"6f4c707\" data-element_type=\"container\" data-e-type=\"container\">\n\t\t\t\t\t<div class=\"e-con-inner\">\n\t\t<div class=\"elementor-element elementor-element-9b5680a e-con-full e-flex e-con e-child\" data-id=\"9b5680a\" data-element_type=\"container\" data-e-type=\"container\">\n\t\t\t\t<div class=\"elementor-element elementor-element-6f39944 elementor-view-default elementor-position-block-start elementor-mobile-position-block-start elementor-widget elementor-widget-icon-box\" data-id=\"6f39944\" data-element_type=\"widget\" data-e-type=\"widget\" data-widget_type=\"icon-box.default\">\n\t\t\t\t\t\t\t<div class=\"elementor-icon-box-wrapper\">\n\n\t\t\t\t\t\t<div class=\"elementor-icon-box-icon\">\n\t\t\t\t<span  class=\"elementor-icon\">\n\t\t\t\t<svg aria-hidden=\"true\" class=\"e-font-icon-svg e-fab-instagram\" viewBox=\"0 0 448 512\" xmlns=\"http:\/\/www.w3.org\/2000\/svg\"><path d=\"M224.1 141c-63.6 0-114.9 51.3-114.9 114.9s51.3 114.9 114.9 114.9S339 319.5 339 255.9 287.7 141 224.1 141zm0 189.6c-41.1 0-74.7-33.5-74.7-74.7s33.5-74.7 74.7-74.7 74.7 33.5 74.7 74.7-33.6 74.7-74.7 74.7zm146.4-194.3c0 14.9-12 26.8-26.8 26.8-14.9 0-26.8-12-26.8-26.8s12-26.8 26.8-26.8 26.8 12 26.8 26.8zm76.1 27.2c-1.7-35.9-9.9-67.7-36.2-93.9-26.2-26.2-58-34.4-93.9-36.2-37-2.1-147.9-2.1-184.9 0-35.8 1.7-67.6 9.9-93.9 36.1s-34.4 58-36.2 93.9c-2.1 37-2.1 147.9 0 184.9 1.7 35.9 9.9 67.7 36.2 93.9s58 34.4 93.9 36.2c37 2.1 147.9 2.1 184.9 0 35.9-1.7 67.7-9.9 93.9-36.2 26.2-26.2 34.4-58 36.2-93.9 2.1-37 2.1-147.8 0-184.8zM398.8 388c-7.8 19.6-22.9 34.7-42.6 42.6-29.5 11.7-99.5 9-132.1 9s-102.7 2.6-132.1-9c-19.6-7.8-34.7-22.9-42.6-42.6-11.7-29.5-9-99.5-9-132.1s-2.6-102.7 9-132.1c7.8-19.6 22.9-34.7 42.6-42.6 29.5-11.7 99.5-9 132.1-9s102.7-2.6 132.1 9c19.6 7.8 34.7 22.9 42.6 42.6 11.7 29.5 9 99.5 9 132.1s2.7 102.7-9 132.1z\"><\/path><\/svg>\t\t\t\t<\/span>\n\t\t\t<\/div>\n\t\t\t\n\t\t\t\t\t\t<div class=\"elementor-icon-box-content\">\n\n\t\t\t\t\t\t\t\t\t<h3 class=\"elementor-icon-box-title\">\n\t\t\t\t\t\t<span  >\n\t\t\t\t\t\t\t@silentsalento\t\t\t\t\t\t<\/span>\n\t\t\t\t\t<\/h3>\n\t\t\t\t\n\t\t\t\t\n\t\t\t<\/div>\n\t\t\t\n\t\t<\/div>\n\t\t\t\t\t\t<\/div>\n\t\t\t\t<\/div>\n\t\t<div class=\"elementor-element elementor-element-c5b3a97 e-con-full e-flex e-con e-child\" data-id=\"c5b3a97\" data-element_type=\"container\" data-e-type=\"container\">\n\t\t\t\t<div class=\"elementor-element elementor-element-d90c320 elementor-widget elementor-widget-text-editor\" data-id=\"d90c320\" data-element_type=\"widget\" data-e-type=\"widget\" data-widget_type=\"text-editor.default\">\n\t\t\t\t\t\t\t\t\t<p>Se volete vivere le emozioni che solo i luoghi di questa terra possono offrire, potete seguirci.<\/p>\t\t\t\t\t\t\t\t<\/div>\n\t\t\t\t<\/div>\n\t\t\t\t\t<\/div>\n\t\t\t\t<\/div>\n\t\t<div class=\"elementor-element elementor-element-97ceb60 e-grid e-con-boxed e-con e-parent\" data-id=\"97ceb60\" data-element_type=\"container\" data-e-type=\"container\">\n\t\t\t\t\t<div class=\"e-con-inner\">\n\t\t\t\t<div class=\"elementor-element elementor-element-3f106ea elementor-position-top elementor-widget elementor-widget-image-box\" data-id=\"3f106ea\" data-element_type=\"widget\" data-e-type=\"widget\" data-widget_type=\"image-box.default\">\n\t\t\t\t\t<div class=\"elementor-image-box-wrapper\"><figure class=\"elementor-image-box-img\"><img decoding=\"async\" width=\"1536\" height=\"2048\" src=\"https:\/\/scenarimagazine.eu\/wp-content\/uploads\/2026\/02\/IMG_0074.jpg\" class=\"attachment-full size-full wp-image-223\" alt=\"I fratelli Buttazzo, Maurizio (in piedi) e Renzo (seduto), un indissolubile legame familiare e artistico.\" srcset=\"https:\/\/scenarimagazine.eu\/wp-content\/uploads\/2026\/02\/IMG_0074.jpg 1536w, https:\/\/scenarimagazine.eu\/wp-content\/uploads\/2026\/02\/IMG_0074-225x300.jpg 225w, https:\/\/scenarimagazine.eu\/wp-content\/uploads\/2026\/02\/IMG_0074-768x1024.jpg 768w, https:\/\/scenarimagazine.eu\/wp-content\/uploads\/2026\/02\/IMG_0074-1152x1536.jpg 1152w\" sizes=\"(max-width: 1536px) 100vw, 1536px\" \/><\/figure><div class=\"elementor-image-box-content\"><p class=\"elementor-image-box-description\">Maurizio e Renzo Buttazzo hanno aperto le porte delle loro case per renderci partecipi della loro arte.<\/p><\/div><\/div>\t\t\t\t<\/div>\n\t\t\t\t<div class=\"elementor-element elementor-element-4d50b06 elementor-position-top elementor-widget elementor-widget-image-box\" data-id=\"4d50b06\" data-element_type=\"widget\" data-e-type=\"widget\" data-widget_type=\"image-box.default\">\n\t\t\t\t\t<div class=\"elementor-image-box-wrapper\"><figure class=\"elementor-image-box-img\"><img decoding=\"async\" width=\"1209\" height=\"2158\" src=\"https:\/\/scenarimagazine.eu\/wp-content\/uploads\/2026\/02\/Pagina-1.png\" class=\"attachment-full size-full wp-image-349\" alt=\"Progettisti visionano alcuni testi di Palazzo Comi.\" srcset=\"https:\/\/scenarimagazine.eu\/wp-content\/uploads\/2026\/02\/Pagina-1.png 1209w, https:\/\/scenarimagazine.eu\/wp-content\/uploads\/2026\/02\/Pagina-1-168x300.png 168w, https:\/\/scenarimagazine.eu\/wp-content\/uploads\/2026\/02\/Pagina-1-574x1024.png 574w, https:\/\/scenarimagazine.eu\/wp-content\/uploads\/2026\/02\/Pagina-1-768x1371.png 768w, https:\/\/scenarimagazine.eu\/wp-content\/uploads\/2026\/02\/Pagina-1-861x1536.png 861w, https:\/\/scenarimagazine.eu\/wp-content\/uploads\/2026\/02\/Pagina-1-1147x2048.png 1147w\" sizes=\"(max-width: 1209px) 100vw, 1209px\" \/><\/figure><div class=\"elementor-image-box-content\"><p class=\"elementor-image-box-description\">La visita a Palazzo Comi ci ha permesso di conoscere la storia di colui a cui \u00e8 intitolato (Girolamo Comi) e di ammirare veri e propri tesori di carta.<\/p><\/div><\/div>\t\t\t\t<\/div>\n\t\t\t\t\t<\/div>\n\t\t\t\t<\/div>\n\t\t\t\t<\/div>\n\t\t","protected":false},"excerpt":{"rendered":"<p>Che cos&#8217;\u00e8 Silent Salento? \u00c8 progetto che permetter\u00e0 di scoprire un lato della terra salentina che non si vede sui [&hellip;]<\/p>\n","protected":false},"author":8,"featured_media":0,"parent":0,"menu_order":0,"comment_status":"closed","ping_status":"closed","template":"","meta":{"site-sidebar-layout":"default","site-content-layout":"","ast-site-content-layout":"default","site-content-style":"default","site-sidebar-style":"default","ast-global-header-display":"","ast-banner-title-visibility":"","ast-main-header-display":"","ast-hfb-above-header-display":"","ast-hfb-below-header-display":"","ast-hfb-mobile-header-display":"","site-post-title":"","ast-breadcrumbs-content":"","ast-featured-img":"","footer-sml-layout":"","ast-disable-related-posts":"","theme-transparent-header-meta":"","adv-header-id-meta":"","stick-header-meta":"","header-above-stick-meta":"","header-main-stick-meta":"","header-below-stick-meta":"","astra-migrate-meta-layouts":"default","ast-page-background-enabled":"default","ast-page-background-meta":{"desktop":{"background-color":"var(--ast-global-color-5)","background-image":"","background-repeat":"repeat","background-position":"center center","background-size":"auto","background-attachment":"scroll","background-type":"","background-media":"","overlay-type":"","overlay-color":"","overlay-opacity":"","overlay-gradient":""},"tablet":{"background-color":"","background-image":"","background-repeat":"repeat","background-position":"center center","background-size":"auto","background-attachment":"scroll","background-type":"","background-media":"","overlay-type":"","overlay-color":"","overlay-opacity":"","overlay-gradient":""},"mobile":{"background-color":"","background-image":"","background-repeat":"repeat","background-position":"center center","background-size":"auto","background-attachment":"scroll","background-type":"","background-media":"","overlay-type":"","overlay-color":"","overlay-opacity":"","overlay-gradient":""}},"ast-content-background-meta":{"desktop":{"background-color":"var(--ast-global-color-4)","background-image":"","background-repeat":"repeat","background-position":"center center","background-size":"auto","background-attachment":"scroll","background-type":"","background-media":"","overlay-type":"","overlay-color":"","overlay-opacity":"","overlay-gradient":""},"tablet":{"background-color":"var(--ast-global-color-4)","background-image":"","background-repeat":"repeat","background-position":"center center","background-size":"auto","background-attachment":"scroll","background-type":"","background-media":"","overlay-type":"","overlay-color":"","overlay-opacity":"","overlay-gradient":""},"mobile":{"background-color":"var(--ast-global-color-4)","background-image":"","background-repeat":"repeat","background-position":"center center","background-size":"auto","background-attachment":"scroll","background-type":"","background-media":"","overlay-type":"","overlay-color":"","overlay-opacity":"","overlay-gradient":""}},"footnotes":""},"class_list":["post-45","page","type-page","status-publish","hentry"],"yoast_head":"<!-- This site is optimized with the Yoast SEO plugin v27.0 - https:\/\/yoast.com\/product\/yoast-seo-wordpress\/ -->\n<title>Enrico - Scenari Magazine<\/title>\n<meta name=\"robots\" content=\"index, follow, max-snippet:-1, max-image-preview:large, max-video-preview:-1\" \/>\n<link rel=\"canonical\" href=\"https:\/\/scenarimagazine.eu\/?page_id=45\" \/>\n<meta property=\"og:locale\" content=\"en_US\" \/>\n<meta property=\"og:type\" content=\"article\" \/>\n<meta property=\"og:title\" content=\"Enrico - Scenari Magazine\" \/>\n<meta property=\"og:description\" content=\"Che cos&#8217;\u00e8 Silent Salento? \u00c8 progetto che permetter\u00e0 di scoprire un lato della terra salentina che non si vede sui [&hellip;]\" \/>\n<meta property=\"og:url\" content=\"https:\/\/scenarimagazine.eu\/?page_id=45\" \/>\n<meta property=\"og:site_name\" content=\"Scenari Magazine\" \/>\n<meta property=\"article:modified_time\" content=\"2026-02-19T12:06:19+00:00\" \/>\n<meta property=\"og:image\" content=\"https:\/\/scenarimagazine.eu\/wp-content\/uploads\/2026\/02\/IMG_0030.jpg\" \/>\n\t<meta property=\"og:image:width\" content=\"1536\" \/>\n\t<meta property=\"og:image:height\" content=\"2048\" \/>\n\t<meta property=\"og:image:type\" content=\"image\/jpeg\" \/>\n<meta name=\"twitter:card\" content=\"summary_large_image\" \/>\n<meta name=\"twitter:label1\" content=\"Est. reading time\" \/>\n\t<meta name=\"twitter:data1\" content=\"2 minutes\" \/>\n<script type=\"application\/ld+json\" class=\"yoast-schema-graph\">{\"@context\":\"https:\/\/schema.org\",\"@graph\":[{\"@type\":\"WebPage\",\"@id\":\"https:\/\/scenarimagazine.eu\/?page_id=45\",\"url\":\"https:\/\/scenarimagazine.eu\/?page_id=45\",\"name\":\"Enrico - Scenari Magazine\",\"isPartOf\":{\"@id\":\"https:\/\/scenarimagazine.eu\/#website\"},\"primaryImageOfPage\":{\"@id\":\"https:\/\/scenarimagazine.eu\/?page_id=45#primaryimage\"},\"image\":{\"@id\":\"https:\/\/scenarimagazine.eu\/?page_id=45#primaryimage\"},\"thumbnailUrl\":\"https:\/\/scenarimagazine.eu\/wp-content\/uploads\/2026\/02\/IMG_0030-768x1024.jpg\",\"datePublished\":\"2026-02-18T10:26:23+00:00\",\"dateModified\":\"2026-02-19T12:06:19+00:00\",\"breadcrumb\":{\"@id\":\"https:\/\/scenarimagazine.eu\/?page_id=45#breadcrumb\"},\"inLanguage\":\"en-US\",\"potentialAction\":[{\"@type\":\"ReadAction\",\"target\":[\"https:\/\/scenarimagazine.eu\/?page_id=45\"]}]},{\"@type\":\"ImageObject\",\"inLanguage\":\"en-US\",\"@id\":\"https:\/\/scenarimagazine.eu\/?page_id=45#primaryimage\",\"url\":\"https:\/\/scenarimagazine.eu\/wp-content\/uploads\/2026\/02\/IMG_0030.jpg\",\"contentUrl\":\"https:\/\/scenarimagazine.eu\/wp-content\/uploads\/2026\/02\/IMG_0030.jpg\",\"width\":1536,\"height\":2048,\"caption\":\"Una fotografa del progetto immortala un'opera dello scultore Renzo Buttazzo.\"},{\"@type\":\"BreadcrumbList\",\"@id\":\"https:\/\/scenarimagazine.eu\/?page_id=45#breadcrumb\",\"itemListElement\":[{\"@type\":\"ListItem\",\"position\":1,\"name\":\"Home\",\"item\":\"https:\/\/scenarimagazine.eu\/\"},{\"@type\":\"ListItem\",\"position\":2,\"name\":\"Enrico\"}]},{\"@type\":\"WebSite\",\"@id\":\"https:\/\/scenarimagazine.eu\/#website\",\"url\":\"https:\/\/scenarimagazine.eu\/\",\"name\":\"Scenari Magazine\",\"description\":\"\",\"publisher\":{\"@id\":\"https:\/\/scenarimagazine.eu\/#organization\"},\"potentialAction\":[{\"@type\":\"SearchAction\",\"target\":{\"@type\":\"EntryPoint\",\"urlTemplate\":\"https:\/\/scenarimagazine.eu\/?s={search_term_string}\"},\"query-input\":{\"@type\":\"PropertyValueSpecification\",\"valueRequired\":true,\"valueName\":\"search_term_string\"}}],\"inLanguage\":\"en-US\"},{\"@type\":\"Organization\",\"@id\":\"https:\/\/scenarimagazine.eu\/#organization\",\"name\":\"Scenari Magazine\",\"url\":\"https:\/\/scenarimagazine.eu\/\",\"logo\":{\"@type\":\"ImageObject\",\"inLanguage\":\"en-US\",\"@id\":\"https:\/\/scenarimagazine.eu\/#\/schema\/logo\/image\/\",\"url\":\"https:\/\/scenarimagazine.eu\/wp-content\/uploads\/2026\/02\/cropped-cropped-7-scaled-1.jpg\",\"contentUrl\":\"https:\/\/scenarimagazine.eu\/wp-content\/uploads\/2026\/02\/cropped-cropped-7-scaled-1.jpg\",\"width\":2557,\"height\":1372,\"caption\":\"Scenari Magazine\"},\"image\":{\"@id\":\"https:\/\/scenarimagazine.eu\/#\/schema\/logo\/image\/\"}}]}<\/script>\n<!-- \/ Yoast SEO plugin. -->","yoast_head_json":{"title":"Enrico - Scenari Magazine","robots":{"index":"index","follow":"follow","max-snippet":"max-snippet:-1","max-image-preview":"max-image-preview:large","max-video-preview":"max-video-preview:-1"},"canonical":"https:\/\/scenarimagazine.eu\/?page_id=45","og_locale":"en_US","og_type":"article","og_title":"Enrico - Scenari Magazine","og_description":"Che cos&#8217;\u00e8 Silent Salento? \u00c8 progetto che permetter\u00e0 di scoprire un lato della terra salentina che non si vede sui [&hellip;]","og_url":"https:\/\/scenarimagazine.eu\/?page_id=45","og_site_name":"Scenari Magazine","article_modified_time":"2026-02-19T12:06:19+00:00","og_image":[{"width":1536,"height":2048,"url":"https:\/\/scenarimagazine.eu\/wp-content\/uploads\/2026\/02\/IMG_0030.jpg","type":"image\/jpeg"}],"twitter_card":"summary_large_image","twitter_misc":{"Est. reading time":"2 minutes"},"schema":{"@context":"https:\/\/schema.org","@graph":[{"@type":"WebPage","@id":"https:\/\/scenarimagazine.eu\/?page_id=45","url":"https:\/\/scenarimagazine.eu\/?page_id=45","name":"Enrico - Scenari Magazine","isPartOf":{"@id":"https:\/\/scenarimagazine.eu\/#website"},"primaryImageOfPage":{"@id":"https:\/\/scenarimagazine.eu\/?page_id=45#primaryimage"},"image":{"@id":"https:\/\/scenarimagazine.eu\/?page_id=45#primaryimage"},"thumbnailUrl":"https:\/\/scenarimagazine.eu\/wp-content\/uploads\/2026\/02\/IMG_0030-768x1024.jpg","datePublished":"2026-02-18T10:26:23+00:00","dateModified":"2026-02-19T12:06:19+00:00","breadcrumb":{"@id":"https:\/\/scenarimagazine.eu\/?page_id=45#breadcrumb"},"inLanguage":"en-US","potentialAction":[{"@type":"ReadAction","target":["https:\/\/scenarimagazine.eu\/?page_id=45"]}]},{"@type":"ImageObject","inLanguage":"en-US","@id":"https:\/\/scenarimagazine.eu\/?page_id=45#primaryimage","url":"https:\/\/scenarimagazine.eu\/wp-content\/uploads\/2026\/02\/IMG_0030.jpg","contentUrl":"https:\/\/scenarimagazine.eu\/wp-content\/uploads\/2026\/02\/IMG_0030.jpg","width":1536,"height":2048,"caption":"Una fotografa del progetto immortala un'opera dello scultore Renzo Buttazzo."},{"@type":"BreadcrumbList","@id":"https:\/\/scenarimagazine.eu\/?page_id=45#breadcrumb","itemListElement":[{"@type":"ListItem","position":1,"name":"Home","item":"https:\/\/scenarimagazine.eu\/"},{"@type":"ListItem","position":2,"name":"Enrico"}]},{"@type":"WebSite","@id":"https:\/\/scenarimagazine.eu\/#website","url":"https:\/\/scenarimagazine.eu\/","name":"Scenari Magazine","description":"","publisher":{"@id":"https:\/\/scenarimagazine.eu\/#organization"},"potentialAction":[{"@type":"SearchAction","target":{"@type":"EntryPoint","urlTemplate":"https:\/\/scenarimagazine.eu\/?s={search_term_string}"},"query-input":{"@type":"PropertyValueSpecification","valueRequired":true,"valueName":"search_term_string"}}],"inLanguage":"en-US"},{"@type":"Organization","@id":"https:\/\/scenarimagazine.eu\/#organization","name":"Scenari Magazine","url":"https:\/\/scenarimagazine.eu\/","logo":{"@type":"ImageObject","inLanguage":"en-US","@id":"https:\/\/scenarimagazine.eu\/#\/schema\/logo\/image\/","url":"https:\/\/scenarimagazine.eu\/wp-content\/uploads\/2026\/02\/cropped-cropped-7-scaled-1.jpg","contentUrl":"https:\/\/scenarimagazine.eu\/wp-content\/uploads\/2026\/02\/cropped-cropped-7-scaled-1.jpg","width":2557,"height":1372,"caption":"Scenari Magazine"},"image":{"@id":"https:\/\/scenarimagazine.eu\/#\/schema\/logo\/image\/"}}]}},"_links":{"self":[{"href":"https:\/\/scenarimagazine.eu\/index.php?rest_route=\/wp\/v2\/pages\/45","targetHints":{"allow":["GET"]}}],"collection":[{"href":"https:\/\/scenarimagazine.eu\/index.php?rest_route=\/wp\/v2\/pages"}],"about":[{"href":"https:\/\/scenarimagazine.eu\/index.php?rest_route=\/wp\/v2\/types\/page"}],"author":[{"embeddable":true,"href":"https:\/\/scenarimagazine.eu\/index.php?rest_route=\/wp\/v2\/users\/8"}],"replies":[{"embeddable":true,"href":"https:\/\/scenarimagazine.eu\/index.php?rest_route=%2Fwp%2Fv2%2Fcomments&post=45"}],"version-history":[{"count":6,"href":"https:\/\/scenarimagazine.eu\/index.php?rest_route=\/wp\/v2\/pages\/45\/revisions"}],"predecessor-version":[{"id":577,"href":"https:\/\/scenarimagazine.eu\/index.php?rest_route=\/wp\/v2\/pages\/45\/revisions\/577"}],"wp:attachment":[{"href":"https:\/\/scenarimagazine.eu\/index.php?rest_route=%2Fwp%2Fv2%2Fmedia&parent=45"}],"curies":[{"name":"wp","href":"https:\/\/api.w.org\/{rel}","templated":true}]}}