{"id":80,"date":"2026-02-18T10:41:38","date_gmt":"2026-02-18T10:41:38","guid":{"rendered":"https:\/\/scenarimagazine.eu\/?page_id=80"},"modified":"2026-02-19T11:43:25","modified_gmt":"2026-02-19T11:43:25","slug":"georgiy-masi","status":"publish","type":"page","link":"https:\/\/scenarimagazine.eu\/?page_id=80","title":{"rendered":"Giorgio Masini"},"content":{"rendered":"\t\t<div data-elementor-type=\"wp-page\" data-elementor-id=\"80\" class=\"elementor elementor-80\" data-elementor-post-type=\"page\">\n\t\t\t\t<div class=\"elementor-element elementor-element-35923328 e-flex e-con-boxed e-con e-parent\" data-id=\"35923328\" data-element_type=\"container\" data-e-type=\"container\">\n\t\t\t\t\t<div class=\"e-con-inner\">\n\t\t\t\t<div class=\"elementor-element elementor-element-5b27cd84 elementor-widget elementor-widget-text-editor\" data-id=\"5b27cd84\" data-element_type=\"widget\" data-e-type=\"widget\" data-widget_type=\"text-editor.default\">\n\t\t\t\t\t\t\t\t\t<figure class=\"wp-block-image\">\u00a0 \u00a0 \u00a0 \u00a0 \u00a0 \u00a0 \u00a0 \u00a0 \u00a0 \u00a0 \u00a0 \u00a0 \u00a0 \u00a0 \u00a0 \u00a0 \u00a0 \u00a0 \u00a0 \u00a0 \u00a0 \u00a0 \u00a0 \u00a0 \u00a0 \u00a0 \u00a0 \u00a0 \u00a0 \u00a0 \u00a0 \u00a0 \u00a0 \u00a0 \u00a0 \u00a0 \u00a0 \u00a0 \u00a0 \u00a0 \u00a0 \u00a0 \u00a0 \u00a0 \u00a0 \u00a0 \u00a0 \u00a0 \u00a0 \u00a0 \u00a0 \u00a0 \u00a0 \u00a0 \u00a0 \u00a0 \u00a0 \u00a0 \u00a0 \u00a0 \u00a0Silent Salento <img alt=\"\" \/><\/figure><p><!-- \/wp:image --><\/p><p><!-- wp:paragraph --><\/p><p><!-- \/wp:paragraph --><\/p>\t\t\t\t\t\t\t\t<\/div>\n\t\t\t\t\t<\/div>\n\t\t\t\t<\/div>\n\t\t<div class=\"elementor-element elementor-element-c05670c e-flex e-con-boxed e-con e-parent\" data-id=\"c05670c\" data-element_type=\"container\" data-e-type=\"container\">\n\t\t\t\t\t<div class=\"e-con-inner\">\n\t\t\t\t<div class=\"elementor-element elementor-element-8c514b5 elementor-widget elementor-widget-image\" data-id=\"8c514b5\" data-element_type=\"widget\" data-e-type=\"widget\" data-widget_type=\"image.default\">\n\t\t\t\t\t\t\t\t\t\t\t\t\t\t\t<img decoding=\"async\" width=\"256\" height=\"153\" src=\"https:\/\/scenarimagazine.eu\/wp-content\/uploads\/2026\/02\/silent-Salento-campagna-allalba-e1771496468405.png\" class=\"attachment-2048x2048 size-2048x2048 wp-image-228\" alt=\"tipico paesaggio salentino con alberi di ulizo un viale di campagna e muri a secco\" \/>\t\t\t\t\t\t\t\t\t\t\t\t\t\t\t<\/div>\n\t\t\t\t<div class=\"elementor-element elementor-element-bdc63a8 elementor-widget elementor-widget-text-editor\" data-id=\"bdc63a8\" data-element_type=\"widget\" data-e-type=\"widget\" data-widget_type=\"text-editor.default\">\n\t\t\t\t\t\t\t\t\t<h3>Cosa \u00e9 per me Silent Salento?<\/h3>\n<p><em><strong>Per me, Silent Salento non \u00e8 un progetto scolastico, \u00e8 un cambio di prospettiva. Se tutti vengono qui per il &#8221; rumore&#8221; dell&#8217;estate, noi siamo quelli che cercano la magia quando la musica si spegne. Non una cartolina, ma un&#8217;emozione: Vorrei farti vedere il Salento dei dettagli: il riflesso del sole sulla pietra Leccese alle due del pomeriggio o il suono del vento tra gli ulivi secolari. Un turismo dell&#8217;anima: Vorrei che le persone smettessero di &#8220;consumare&#8221; i posti e iniziassero ad ascoltarli. Il silenzio non \u00e8 vuoto, \u00e8 pieno di storie che aspettano solo di essere raccontate. Identit\u00e0, non caos: Per noi studenti \u00e8 un modo per dire che la nostra terra \u00e8 viva anche nei borghi nascosti, non solo sulle spiagge affollate.&nbsp;<\/strong><\/em><\/p>\n<p><b><i>Vorrei farti innamorare di quel Salento che non urla per farsi notare, ma che ti resta dentro proprio perch\u00e8 sa restare in silenzio.&nbsp;<\/i><\/b><\/p>\t\t\t\t\t\t\t\t<\/div>\n\t\t<div class=\"elementor-element elementor-element-3ef044a e-grid e-con-full e-con e-child\" data-id=\"3ef044a\" data-element_type=\"container\" data-e-type=\"container\">\n\t\t\t\t<div class=\"elementor-element elementor-element-460e4dc elementor-widget elementor-widget-google_maps\" data-id=\"460e4dc\" data-element_type=\"widget\" data-e-type=\"widget\" data-widget_type=\"google_maps.default\">\n\t\t\t\t\t\t\t<div class=\"elementor-custom-embed\">\n\t\t\t<iframe loading=\"lazy\"\n\t\t\t\t\tsrc=\"https:\/\/maps.google.com\/maps?q=Salento&#038;t=m&#038;z=10&#038;output=embed&#038;iwloc=near\"\n\t\t\t\t\ttitle=\"Salento\"\n\t\t\t\t\taria-label=\"Salento\"\n\t\t\t><\/iframe>\n\t\t<\/div>\n\t\t\t\t\t\t<\/div>\n\t\t\t\t<div class=\"elementor-element elementor-element-cab0f8d elementor-view-default elementor-position-block-start elementor-mobile-position-block-start elementor-widget elementor-widget-icon-box\" data-id=\"cab0f8d\" data-element_type=\"widget\" data-e-type=\"widget\" data-widget_type=\"icon-box.default\">\n\t\t\t\t\t\t\t<div class=\"elementor-icon-box-wrapper\">\n\n\t\t\t\t\t\t<div class=\"elementor-icon-box-icon\">\n\t\t\t\t<span  class=\"elementor-icon\">\n\t\t\t\t<svg aria-hidden=\"true\" class=\"e-font-icon-svg e-fab-instagram\" viewBox=\"0 0 448 512\" xmlns=\"http:\/\/www.w3.org\/2000\/svg\"><path d=\"M224.1 141c-63.6 0-114.9 51.3-114.9 114.9s51.3 114.9 114.9 114.9S339 319.5 339 255.9 287.7 141 224.1 141zm0 189.6c-41.1 0-74.7-33.5-74.7-74.7s33.5-74.7 74.7-74.7 74.7 33.5 74.7 74.7-33.6 74.7-74.7 74.7zm146.4-194.3c0 14.9-12 26.8-26.8 26.8-14.9 0-26.8-12-26.8-26.8s12-26.8 26.8-26.8 26.8 12 26.8 26.8zm76.1 27.2c-1.7-35.9-9.9-67.7-36.2-93.9-26.2-26.2-58-34.4-93.9-36.2-37-2.1-147.9-2.1-184.9 0-35.8 1.7-67.6 9.9-93.9 36.1s-34.4 58-36.2 93.9c-2.1 37-2.1 147.9 0 184.9 1.7 35.9 9.9 67.7 36.2 93.9s58 34.4 93.9 36.2c37 2.1 147.9 2.1 184.9 0 35.9-1.7 67.7-9.9 93.9-36.2 26.2-26.2 34.4-58 36.2-93.9 2.1-37 2.1-147.8 0-184.8zM398.8 388c-7.8 19.6-22.9 34.7-42.6 42.6-29.5 11.7-99.5 9-132.1 9s-102.7 2.6-132.1-9c-19.6-7.8-34.7-22.9-42.6-42.6-11.7-29.5-9-99.5-9-132.1s-2.6-102.7 9-132.1c7.8-19.6 22.9-34.7 42.6-42.6 29.5-11.7 99.5-9 132.1-9s102.7-2.6 132.1 9c19.6 7.8 34.7 22.9 42.6 42.6 11.7 29.5 9 99.5 9 132.1s2.7 102.7-9 132.1z\"><\/path><\/svg>\t\t\t\t<\/span>\n\t\t\t<\/div>\n\t\t\t\n\t\t\t\t\t\t<div class=\"elementor-icon-box-content\">\n\n\t\t\t\t\t\t\t\t\t<h3 class=\"elementor-icon-box-title\">\n\t\t\t\t\t\t<span  >\n\t\t\t\t\t\t\tFollow us\t\t\t\t\t\t<\/span>\n\t\t\t\t\t<\/h3>\n\t\t\t\t\n\t\t\t\t\t\t\t\t\t<p class=\"elementor-icon-box-description\">\n\t\t\t\t\t\t@Silent_Salento#\t\t\t\t\t<\/p>\n\t\t\t\t\n\t\t\t<\/div>\n\t\t\t\n\t\t<\/div>\n\t\t\t\t\t\t<\/div>\n\t\t\t\t<\/div>\n\t\t\t\t\t<\/div>\n\t\t\t\t<\/div>\n\t\t\t\t<\/div>\n\t\t","protected":false},"excerpt":{"rendered":"<p>\u00a0 \u00a0 \u00a0 \u00a0 \u00a0 \u00a0 \u00a0 \u00a0 \u00a0 \u00a0 \u00a0 \u00a0 \u00a0 \u00a0 \u00a0 \u00a0 \u00a0 \u00a0 \u00a0 \u00a0 [&hellip;]<\/p>\n","protected":false},"author":14,"featured_media":0,"parent":0,"menu_order":0,"comment_status":"closed","ping_status":"closed","template":"","meta":{"site-sidebar-layout":"no-sidebar","site-content-layout":"","ast-site-content-layout":"full-width-container","site-content-style":"default","site-sidebar-style":"default","ast-global-header-display":"","ast-banner-title-visibility":"","ast-main-header-display":"","ast-hfb-above-header-display":"","ast-hfb-below-header-display":"","ast-hfb-mobile-header-display":"","site-post-title":"disabled","ast-breadcrumbs-content":"","ast-featured-img":"disabled","footer-sml-layout":"","ast-disable-related-posts":"","theme-transparent-header-meta":"","adv-header-id-meta":"","stick-header-meta":"","header-above-stick-meta":"","header-main-stick-meta":"","header-below-stick-meta":"","astra-migrate-meta-layouts":"default","ast-page-background-enabled":"default","ast-page-background-meta":{"desktop":{"background-color":"var(--ast-global-color-5)","background-image":"","background-repeat":"repeat","background-position":"center center","background-size":"auto","background-attachment":"scroll","background-type":"","background-media":"","overlay-type":"","overlay-color":"","overlay-opacity":"","overlay-gradient":""},"tablet":{"background-color":"","background-image":"","background-repeat":"repeat","background-position":"center center","background-size":"auto","background-attachment":"scroll","background-type":"","background-media":"","overlay-type":"","overlay-color":"","overlay-opacity":"","overlay-gradient":""},"mobile":{"background-color":"","background-image":"","background-repeat":"repeat","background-position":"center center","background-size":"auto","background-attachment":"scroll","background-type":"","background-media":"","overlay-type":"","overlay-color":"","overlay-opacity":"","overlay-gradient":""}},"ast-content-background-meta":{"desktop":{"background-color":"var(--ast-global-color-4)","background-image":"","background-repeat":"repeat","background-position":"center center","background-size":"auto","background-attachment":"scroll","background-type":"","background-media":"","overlay-type":"","overlay-color":"","overlay-opacity":"","overlay-gradient":""},"tablet":{"background-color":"var(--ast-global-color-4)","background-image":"","background-repeat":"repeat","background-position":"center center","background-size":"auto","background-attachment":"scroll","background-type":"","background-media":"","overlay-type":"","overlay-color":"","overlay-opacity":"","overlay-gradient":""},"mobile":{"background-color":"var(--ast-global-color-4)","background-image":"","background-repeat":"repeat","background-position":"center center","background-size":"auto","background-attachment":"scroll","background-type":"","background-media":"","overlay-type":"","overlay-color":"","overlay-opacity":"","overlay-gradient":""}},"footnotes":""},"class_list":["post-80","page","type-page","status-publish","hentry"],"yoast_head":"<!-- This site is optimized with the Yoast SEO plugin v27.0 - https:\/\/yoast.com\/product\/yoast-seo-wordpress\/ -->\n<title>Giorgio Masini - Scenari Magazine<\/title>\n<meta name=\"robots\" content=\"index, follow, max-snippet:-1, max-image-preview:large, max-video-preview:-1\" \/>\n<link rel=\"canonical\" href=\"https:\/\/scenarimagazine.eu\/?page_id=80\" \/>\n<meta property=\"og:locale\" content=\"en_US\" \/>\n<meta property=\"og:type\" content=\"article\" \/>\n<meta property=\"og:title\" content=\"Giorgio Masini - Scenari Magazine\" \/>\n<meta property=\"og:description\" content=\"\u00a0 \u00a0 \u00a0 \u00a0 \u00a0 \u00a0 \u00a0 \u00a0 \u00a0 \u00a0 \u00a0 \u00a0 \u00a0 \u00a0 \u00a0 \u00a0 \u00a0 \u00a0 \u00a0 \u00a0 [&hellip;]\" \/>\n<meta property=\"og:url\" content=\"https:\/\/scenarimagazine.eu\/?page_id=80\" \/>\n<meta property=\"og:site_name\" content=\"Scenari Magazine\" \/>\n<meta property=\"article:modified_time\" content=\"2026-02-19T11:43:25+00:00\" \/>\n<meta property=\"og:image\" content=\"https:\/\/scenarimagazine.eu\/wp-content\/uploads\/2026\/02\/silent-Salento-campagna-allalba-e1771496468405.png\" \/>\n\t<meta property=\"og:image:width\" content=\"256\" \/>\n\t<meta property=\"og:image:height\" content=\"153\" \/>\n\t<meta property=\"og:image:type\" content=\"image\/png\" \/>\n<meta name=\"twitter:card\" content=\"summary_large_image\" \/>\n<meta name=\"twitter:label1\" content=\"Est. reading time\" \/>\n\t<meta name=\"twitter:data1\" content=\"1 minute\" \/>\n<script type=\"application\/ld+json\" class=\"yoast-schema-graph\">{\"@context\":\"https:\/\/schema.org\",\"@graph\":[{\"@type\":\"WebPage\",\"@id\":\"https:\/\/scenarimagazine.eu\/?page_id=80\",\"url\":\"https:\/\/scenarimagazine.eu\/?page_id=80\",\"name\":\"Giorgio Masini - Scenari Magazine\",\"isPartOf\":{\"@id\":\"https:\/\/scenarimagazine.eu\/#website\"},\"primaryImageOfPage\":{\"@id\":\"https:\/\/scenarimagazine.eu\/?page_id=80#primaryimage\"},\"image\":{\"@id\":\"https:\/\/scenarimagazine.eu\/?page_id=80#primaryimage\"},\"thumbnailUrl\":\"https:\/\/scenarimagazine.eu\/wp-content\/uploads\/2026\/02\/silent-Salento-campagna-allalba-e1771496468405.png\",\"datePublished\":\"2026-02-18T10:41:38+00:00\",\"dateModified\":\"2026-02-19T11:43:25+00:00\",\"breadcrumb\":{\"@id\":\"https:\/\/scenarimagazine.eu\/?page_id=80#breadcrumb\"},\"inLanguage\":\"en-US\",\"potentialAction\":[{\"@type\":\"ReadAction\",\"target\":[\"https:\/\/scenarimagazine.eu\/?page_id=80\"]}]},{\"@type\":\"ImageObject\",\"inLanguage\":\"en-US\",\"@id\":\"https:\/\/scenarimagazine.eu\/?page_id=80#primaryimage\",\"url\":\"https:\/\/scenarimagazine.eu\/wp-content\/uploads\/2026\/02\/silent-Salento-campagna-allalba-e1771496468405.png\",\"contentUrl\":\"https:\/\/scenarimagazine.eu\/wp-content\/uploads\/2026\/02\/silent-Salento-campagna-allalba-e1771496468405.png\",\"width\":256,\"height\":153,\"caption\":\"tipico paesaggio salentino con alberi di ulizo un viale di campagna e muri a secco\"},{\"@type\":\"BreadcrumbList\",\"@id\":\"https:\/\/scenarimagazine.eu\/?page_id=80#breadcrumb\",\"itemListElement\":[{\"@type\":\"ListItem\",\"position\":1,\"name\":\"Home\",\"item\":\"https:\/\/scenarimagazine.eu\/\"},{\"@type\":\"ListItem\",\"position\":2,\"name\":\"Giorgio Masini\"}]},{\"@type\":\"WebSite\",\"@id\":\"https:\/\/scenarimagazine.eu\/#website\",\"url\":\"https:\/\/scenarimagazine.eu\/\",\"name\":\"Scenari Magazine\",\"description\":\"\",\"publisher\":{\"@id\":\"https:\/\/scenarimagazine.eu\/#organization\"},\"potentialAction\":[{\"@type\":\"SearchAction\",\"target\":{\"@type\":\"EntryPoint\",\"urlTemplate\":\"https:\/\/scenarimagazine.eu\/?s={search_term_string}\"},\"query-input\":{\"@type\":\"PropertyValueSpecification\",\"valueRequired\":true,\"valueName\":\"search_term_string\"}}],\"inLanguage\":\"en-US\"},{\"@type\":\"Organization\",\"@id\":\"https:\/\/scenarimagazine.eu\/#organization\",\"name\":\"Scenari Magazine\",\"url\":\"https:\/\/scenarimagazine.eu\/\",\"logo\":{\"@type\":\"ImageObject\",\"inLanguage\":\"en-US\",\"@id\":\"https:\/\/scenarimagazine.eu\/#\/schema\/logo\/image\/\",\"url\":\"https:\/\/scenarimagazine.eu\/wp-content\/uploads\/2026\/02\/cropped-cropped-7-scaled-1.jpg\",\"contentUrl\":\"https:\/\/scenarimagazine.eu\/wp-content\/uploads\/2026\/02\/cropped-cropped-7-scaled-1.jpg\",\"width\":2557,\"height\":1372,\"caption\":\"Scenari Magazine\"},\"image\":{\"@id\":\"https:\/\/scenarimagazine.eu\/#\/schema\/logo\/image\/\"}}]}<\/script>\n<!-- \/ Yoast SEO plugin. -->","yoast_head_json":{"title":"Giorgio Masini - Scenari Magazine","robots":{"index":"index","follow":"follow","max-snippet":"max-snippet:-1","max-image-preview":"max-image-preview:large","max-video-preview":"max-video-preview:-1"},"canonical":"https:\/\/scenarimagazine.eu\/?page_id=80","og_locale":"en_US","og_type":"article","og_title":"Giorgio Masini - Scenari Magazine","og_description":"\u00a0 \u00a0 \u00a0 \u00a0 \u00a0 \u00a0 \u00a0 \u00a0 \u00a0 \u00a0 \u00a0 \u00a0 \u00a0 \u00a0 \u00a0 \u00a0 \u00a0 \u00a0 \u00a0 \u00a0 [&hellip;]","og_url":"https:\/\/scenarimagazine.eu\/?page_id=80","og_site_name":"Scenari Magazine","article_modified_time":"2026-02-19T11:43:25+00:00","og_image":[{"width":256,"height":153,"url":"https:\/\/scenarimagazine.eu\/wp-content\/uploads\/2026\/02\/silent-Salento-campagna-allalba-e1771496468405.png","type":"image\/png"}],"twitter_card":"summary_large_image","twitter_misc":{"Est. reading time":"1 minute"},"schema":{"@context":"https:\/\/schema.org","@graph":[{"@type":"WebPage","@id":"https:\/\/scenarimagazine.eu\/?page_id=80","url":"https:\/\/scenarimagazine.eu\/?page_id=80","name":"Giorgio Masini - Scenari Magazine","isPartOf":{"@id":"https:\/\/scenarimagazine.eu\/#website"},"primaryImageOfPage":{"@id":"https:\/\/scenarimagazine.eu\/?page_id=80#primaryimage"},"image":{"@id":"https:\/\/scenarimagazine.eu\/?page_id=80#primaryimage"},"thumbnailUrl":"https:\/\/scenarimagazine.eu\/wp-content\/uploads\/2026\/02\/silent-Salento-campagna-allalba-e1771496468405.png","datePublished":"2026-02-18T10:41:38+00:00","dateModified":"2026-02-19T11:43:25+00:00","breadcrumb":{"@id":"https:\/\/scenarimagazine.eu\/?page_id=80#breadcrumb"},"inLanguage":"en-US","potentialAction":[{"@type":"ReadAction","target":["https:\/\/scenarimagazine.eu\/?page_id=80"]}]},{"@type":"ImageObject","inLanguage":"en-US","@id":"https:\/\/scenarimagazine.eu\/?page_id=80#primaryimage","url":"https:\/\/scenarimagazine.eu\/wp-content\/uploads\/2026\/02\/silent-Salento-campagna-allalba-e1771496468405.png","contentUrl":"https:\/\/scenarimagazine.eu\/wp-content\/uploads\/2026\/02\/silent-Salento-campagna-allalba-e1771496468405.png","width":256,"height":153,"caption":"tipico paesaggio salentino con alberi di ulizo un viale di campagna e muri a secco"},{"@type":"BreadcrumbList","@id":"https:\/\/scenarimagazine.eu\/?page_id=80#breadcrumb","itemListElement":[{"@type":"ListItem","position":1,"name":"Home","item":"https:\/\/scenarimagazine.eu\/"},{"@type":"ListItem","position":2,"name":"Giorgio Masini"}]},{"@type":"WebSite","@id":"https:\/\/scenarimagazine.eu\/#website","url":"https:\/\/scenarimagazine.eu\/","name":"Scenari Magazine","description":"","publisher":{"@id":"https:\/\/scenarimagazine.eu\/#organization"},"potentialAction":[{"@type":"SearchAction","target":{"@type":"EntryPoint","urlTemplate":"https:\/\/scenarimagazine.eu\/?s={search_term_string}"},"query-input":{"@type":"PropertyValueSpecification","valueRequired":true,"valueName":"search_term_string"}}],"inLanguage":"en-US"},{"@type":"Organization","@id":"https:\/\/scenarimagazine.eu\/#organization","name":"Scenari Magazine","url":"https:\/\/scenarimagazine.eu\/","logo":{"@type":"ImageObject","inLanguage":"en-US","@id":"https:\/\/scenarimagazine.eu\/#\/schema\/logo\/image\/","url":"https:\/\/scenarimagazine.eu\/wp-content\/uploads\/2026\/02\/cropped-cropped-7-scaled-1.jpg","contentUrl":"https:\/\/scenarimagazine.eu\/wp-content\/uploads\/2026\/02\/cropped-cropped-7-scaled-1.jpg","width":2557,"height":1372,"caption":"Scenari Magazine"},"image":{"@id":"https:\/\/scenarimagazine.eu\/#\/schema\/logo\/image\/"}}]}},"_links":{"self":[{"href":"https:\/\/scenarimagazine.eu\/index.php?rest_route=\/wp\/v2\/pages\/80","targetHints":{"allow":["GET"]}}],"collection":[{"href":"https:\/\/scenarimagazine.eu\/index.php?rest_route=\/wp\/v2\/pages"}],"about":[{"href":"https:\/\/scenarimagazine.eu\/index.php?rest_route=\/wp\/v2\/types\/page"}],"author":[{"embeddable":true,"href":"https:\/\/scenarimagazine.eu\/index.php?rest_route=\/wp\/v2\/users\/14"}],"replies":[{"embeddable":true,"href":"https:\/\/scenarimagazine.eu\/index.php?rest_route=%2Fwp%2Fv2%2Fcomments&post=80"}],"version-history":[{"count":5,"href":"https:\/\/scenarimagazine.eu\/index.php?rest_route=\/wp\/v2\/pages\/80\/revisions"}],"predecessor-version":[{"id":512,"href":"https:\/\/scenarimagazine.eu\/index.php?rest_route=\/wp\/v2\/pages\/80\/revisions\/512"}],"wp:attachment":[{"href":"https:\/\/scenarimagazine.eu\/index.php?rest_route=%2Fwp%2Fv2%2Fmedia&parent=80"}],"curies":[{"name":"wp","href":"https:\/\/api.w.org\/{rel}","templated":true}]}}